{"id":487,"date":"2020-09-07T09:01:54","date_gmt":"2020-09-07T09:01:54","guid":{"rendered":"http:\/\/wpdemo.archiwp.com\/maxbizz\/?page_id=487"},"modified":"2021-02-11T16:18:57","modified_gmt":"2021-02-11T16:18:57","slug":"o-firmie","status":"publish","type":"page","link":"https:\/\/legionowoubezpieczenia.pl\/index.php\/o-firmie\/","title":{"rendered":"O firmie"},"content":{"rendered":"\t\t<div data-elementor-type=\"wp-page\" data-elementor-id=\"487\" class=\"elementor elementor-487\" data-elementor-settings=\"[]\">\n\t\t\t\t\t\t<div class=\"elementor-inner\">\n\t\t\t\t\t\t\t<div class=\"elementor-section-wrap\">\n\t\t\t\t\t\t\t<section class=\"elementor-section elementor-top-section elementor-element elementor-element-aeaf1cb elementor-section-content-middle elementor-section-boxed elementor-section-height-default elementor-section-height-default\" data-id=\"aeaf1cb\" data-element_type=\"section\">\n\t\t\t\t\t\t<div class=\"elementor-container elementor-column-gap-extended\">\n\t\t\t\t\t\t\t<div class=\"elementor-row\">\n\t\t\t\t\t<div class=\"elementor-column elementor-col-50 elementor-top-column elementor-element elementor-element-e209ac4 ot-flex-column-vertical\" data-id=\"e209ac4\" data-element_type=\"column\">\n\t\t\t<div class=\"elementor-column-wrap elementor-element-populated\">\n\t\t\t\t\t\t\t<div class=\"elementor-widget-wrap\">\n\t\t\t\t\t\t<div class=\"elementor-element elementor-element-34ca8c4 elementor-widget elementor-widget-image\" data-id=\"34ca8c4\" data-element_type=\"widget\" data-widget_type=\"image.default\">\n\t\t\t\t<div class=\"elementor-widget-container\">\n\t\t\t\t\t<div class=\"elementor-image\">\n\t\t\t\t\t\t\t\t\t\t<img width=\"630\" height=\"475\" src=\"https:\/\/legionowoubezpieczenia.pl\/wp-content\/uploads\/2021\/01\/insurance-concepts-7Z28PM3.jpg\" class=\"attachment-full size-full\" alt=\"\" loading=\"lazy\" srcset=\"https:\/\/legionowoubezpieczenia.pl\/wp-content\/uploads\/2021\/01\/insurance-concepts-7Z28PM3.jpg 630w, https:\/\/legionowoubezpieczenia.pl\/wp-content\/uploads\/2021\/01\/insurance-concepts-7Z28PM3-300x226.jpg 300w\" sizes=\"(max-width: 630px) 100vw, 630px\" \/>\t\t\t\t\t\t\t\t\t\t\t<\/div>\n\t\t\t\t<\/div>\n\t\t\t\t<\/div>\n\t\t\t\t\t\t<\/div>\n\t\t\t\t\t<\/div>\n\t\t<\/div>\n\t\t\t\t<div class=\"elementor-column elementor-col-50 elementor-top-column elementor-element elementor-element-1feb286 ot-flex-column-vertical\" data-id=\"1feb286\" data-element_type=\"column\">\n\t\t\t<div class=\"elementor-column-wrap elementor-element-populated\">\n\t\t\t\t\t\t\t<div class=\"elementor-widget-wrap\">\n\t\t\t\t\t\t<div class=\"elementor-element elementor-element-841e06b elementor-widget elementor-widget-iheading\" data-id=\"841e06b\" data-element_type=\"widget\" data-widget_type=\"iheading.default\">\n\t\t\t\t<div class=\"elementor-widget-container\">\n\t\t\t\t\t<div class=\"ot-heading\">\r\n\t        <span class=\"\">O nas<\/span>\t        <h3 class=\"main-head\">Ubezpieczenia Wlaz\u0142o<\/h3>\t    <\/div>\r\n\t    \t\t<\/div>\n\t\t\t\t<\/div>\n\t\t\t\t<div class=\"elementor-element elementor-element-bb4f4ed elementor-widget elementor-widget-text-editor\" data-id=\"bb4f4ed\" data-element_type=\"widget\" data-widget_type=\"text-editor.default\">\n\t\t\t\t<div class=\"elementor-widget-container\">\n\t\t\t\t\t<div class=\"elementor-text-editor elementor-clearfix\"><p>Agencja Ubezpieczeniowa Iwona Wlaz\u0142o jest na rynku od ponad 20 lat. Zapraszamy do skorzystania z naszego doradztwa oraz us\u0142ug ubezpieczeniowych w zakresie: ubezpiecze\u0144 komunikacyjnych, mieszkaniowych, przedsi\u0119biorstw oraz ubezpiecze\u0144 na \u017cycie.<\/p>\n<hr>\n<p>Od pocz\u0105tku swojej dzia\u0142alno\u015bci postawili\u015bmy na jako\u015b\u0107 obs\u0142ugi Klienta.<\/p>\n<p>Ka\u017cdy Klient jest traktowany indywidualnie. Stosownie do potrzeb naszych Klient\u00f3w dobieramy najbardziej optymalne ubezpieczenie s\u0142u\u017c\u0105c jednocze\u015bnie rzeteln\u0105 pomoc\u0105.<\/p>\n<p>Posiadamy niezb\u0119dne kwalifikacje i licencje ubezpieczeniowe. Nasze do\u015bwiadczenie zapewnia Pa\u0144stwu kompleksow\u0105 i profesjonaln\u0105 obs\u0142ug\u0119 i doradztwo ubezpieczeniowe.<\/p>\n<p>Regularnie bierzemy udzia\u0142 w szkoleniach przeprowadzanych przez Towarzystwa Ubezpiecze\u0144 oraz na bie\u017c\u0105co \u015bledzimy zmiany na polskim rynku ubezpieczeniowym. Dlatego nasza pomoc cz\u0119sto wybiega poza ramy pracy przeci\u0119tnego po\u015brednika ubezpieczeniowego.<\/p>\n<p>Chcemy by\u0107 agencj\u0105 ubezpieczeniow\u0105 przyjazn\u0105 dla Klient\u00f3w i otwart\u0105 na realizacj\u0119 ich oczekiwa\u0144. Nasze do\u015bwiadczenie, pozwala nam s\u0142u\u017cy\u0107 fachow\u0105 pomoc\u0105 i profesjonaln\u0105 obs\u0142ug\u0105 przy dobieraniu najkorzystniejszej oferty ubezpieczenia.<\/p>\n<p>Szeroki wachlarz oferowanych ubezpiecze\u0144 pozwala nam sprosta\u0107 oczekiwaniom nawet najbardziej wymagaj\u0105cych Klient\u00f3w i pozwala na kompleksow\u0105 obs\u0142ug\u0119 zar\u00f3wno os\u00f3b fizycznych jak i podmiot\u00f3w gospodarczych. Wszystko to sprawia, \u017ce z ka\u017cdym rokiem powi\u0119ksza si\u0119 grono naszych Klient\u00f3w.<\/p>\n<p>Pragniemy s\u0142u\u017cy\u0107 naszym Klientom przez kolejne lata i stale podnosi\u0107 jako\u015b\u0107 naszych us\u0142ug. Dzi\u0119kujemy za odwiedzenie naszej strony i zapraszamy do kontaktu z nami.<\/p><\/div>\n\t\t\t\t<\/div>\n\t\t\t\t<\/div>\n\t\t\t\t<section class=\"elementor-section elementor-inner-section elementor-element elementor-element-983ee34 elementor-section-full_width elementor-section-height-default elementor-section-height-default\" data-id=\"983ee34\" data-element_type=\"section\">\n\t\t\t\t\t\t<div class=\"elementor-container elementor-column-gap-no\">\n\t\t\t\t\t\t\t<div class=\"elementor-row\">\n\t\t\t\t\t<div class=\"elementor-column elementor-col-100 elementor-inner-column elementor-element elementor-element-02cefd4 ot-flex-column-vertical\" data-id=\"02cefd4\" data-element_type=\"column\">\n\t\t\t<div class=\"elementor-column-wrap elementor-element-populated\">\n\t\t\t\t\t\t\t<div class=\"elementor-widget-wrap\">\n\t\t\t\t\t\t<div class=\"elementor-element elementor-element-d2c189c elementor-widget elementor-widget-heading\" data-id=\"d2c189c\" data-element_type=\"widget\" data-widget_type=\"heading.default\">\n\t\t\t\t<div class=\"elementor-widget-container\">\n\t\t\t<h6 class=\"elementor-heading-title elementor-size-default\">Iwona Wlaz\u0142o<\/h6>\t\t<\/div>\n\t\t\t\t<\/div>\n\t\t\t\t<div class=\"elementor-element elementor-element-4146a85 elementor-widget elementor-widget-text-editor\" data-id=\"4146a85\" data-element_type=\"widget\" data-widget_type=\"text-editor.default\">\n\t\t\t\t<div class=\"elementor-widget-container\">\n\t\t\t\t\t<div class=\"elementor-text-editor elementor-clearfix\"><p>W\u0142a\u015bciciel firmy<\/p><\/div>\n\t\t\t\t<\/div>\n\t\t\t\t<\/div>\n\t\t\t\t\t\t<\/div>\n\t\t\t\t\t<\/div>\n\t\t<\/div>\n\t\t\t\t\t\t\t\t<\/div>\n\t\t\t\t\t<\/div>\n\t\t<\/section>\n\t\t\t\t\t\t<\/div>\n\t\t\t\t\t<\/div>\n\t\t<\/div>\n\t\t\t\t\t\t\t\t<\/div>\n\t\t\t\t\t<\/div>\n\t\t<\/section>\n\t\t\t\t<section class=\"elementor-section elementor-top-section elementor-element elementor-element-6af12be elementor-section-boxed elementor-section-height-default elementor-section-height-default\" data-id=\"6af12be\" data-element_type=\"section\">\n\t\t\t\t\t\t<div class=\"elementor-container elementor-column-gap-extended\">\n\t\t\t\t\t\t\t<div class=\"elementor-row\">\n\t\t\t\t\t<div class=\"elementor-column elementor-col-33 elementor-top-column elementor-element elementor-element-9865002 ot-flex-column-vertical\" data-id=\"9865002\" data-element_type=\"column\">\n\t\t\t<div class=\"elementor-column-wrap elementor-element-populated\">\n\t\t\t\t\t\t\t<div class=\"elementor-widget-wrap\">\n\t\t\t\t\t\t<div class=\"elementor-element elementor-element-0c75221 number-left elementor-widget elementor-widget-icounter\" data-id=\"0c75221\" data-element_type=\"widget\" data-widget_type=\"icounter.default\">\n\t\t\t\t<div class=\"elementor-widget-container\">\n\t\t\t    \t<div class=\"ot-counter icounter\" data-counter=\"20\">\r\n        \t<div class=\"c-number\">\r\n        \t\t<span class=\"num\" data-to=\"20\" data-time= \"2000\"><\/span>        \t<\/div>\r\n        \t<h6>Lat <br>Na rynku <\/h6>      \t\t\t\t        \r\n\t    <\/div>\r\n\t    \t\t<\/div>\n\t\t\t\t<\/div>\n\t\t\t\t\t\t<\/div>\n\t\t\t\t\t<\/div>\n\t\t<\/div>\n\t\t\t\t<div class=\"elementor-column elementor-col-33 elementor-top-column elementor-element elementor-element-4efe597 ot-flex-column-vertical\" data-id=\"4efe597\" data-element_type=\"column\">\n\t\t\t<div class=\"elementor-column-wrap elementor-element-populated\">\n\t\t\t\t\t\t\t<div class=\"elementor-widget-wrap\">\n\t\t\t\t\t\t<div class=\"elementor-element elementor-element-3976936 number-left elementor-widget elementor-widget-icounter\" data-id=\"3976936\" data-element_type=\"widget\" data-widget_type=\"icounter.default\">\n\t\t\t\t<div class=\"elementor-widget-container\">\n\t\t\t    \t<div class=\"ot-counter icounter\" data-counter=\"20000\">\r\n        \t<div class=\"c-number\">\r\n        \t\t<span class=\"num\" data-to=\"20000\" data-time= \"2000\"><\/span>        \t<\/div>\r\n        \t<h6>Zadowolonych<br>Klient\u00f3W<\/h6>      \t\t\t\t        \r\n\t    <\/div>\r\n\t    \t\t<\/div>\n\t\t\t\t<\/div>\n\t\t\t\t\t\t<\/div>\n\t\t\t\t\t<\/div>\n\t\t<\/div>\n\t\t\t\t<div class=\"elementor-column elementor-col-33 elementor-top-column elementor-element elementor-element-7d86b75 ot-flex-column-vertical\" data-id=\"7d86b75\" data-element_type=\"column\">\n\t\t\t<div class=\"elementor-column-wrap elementor-element-populated\">\n\t\t\t\t\t\t\t<div class=\"elementor-widget-wrap\">\n\t\t\t\t\t\t<div class=\"elementor-element elementor-element-75279d9 number-left elementor-widget elementor-widget-icounter\" data-id=\"75279d9\" data-element_type=\"widget\" data-widget_type=\"icounter.default\">\n\t\t\t\t<div class=\"elementor-widget-container\">\n\t\t\t    \t<div class=\"ot-counter icounter\" data-counter=\"18\">\r\n        \t<div class=\"c-number\">\r\n        \t\t<span class=\"num\" data-to=\"18\" data-time= \"2000\"><\/span>        \t<\/div>\r\n        \t<h6>Wsp\u00f3\u0142pracuj\u0105cych <br>Towarzystw<\/h6>      \t\t\t\t        \r\n\t    <\/div>\r\n\t    \t\t<\/div>\n\t\t\t\t<\/div>\n\t\t\t\t\t\t<\/div>\n\t\t\t\t\t<\/div>\n\t\t<\/div>\n\t\t\t\t\t\t\t\t<\/div>\n\t\t\t\t\t<\/div>\n\t\t<\/section>\n\t\t\t\t<section class=\"elementor-section elementor-top-section elementor-element elementor-element-07bb3a8 elementor-section-boxed elementor-section-height-default elementor-section-height-default\" data-id=\"07bb3a8\" data-element_type=\"section\" data-settings=\"{&quot;background_background&quot;:&quot;classic&quot;}\">\n\t\t\t\t\t\t<div class=\"elementor-container elementor-column-gap-default\">\n\t\t\t\t\t\t\t<div class=\"elementor-row\">\n\t\t\t\t\t<div class=\"elementor-column elementor-col-100 elementor-top-column elementor-element elementor-element-9fed965 ot-flex-column-vertical\" data-id=\"9fed965\" data-element_type=\"column\">\n\t\t\t<div class=\"elementor-column-wrap elementor-element-populated\">\n\t\t\t\t\t\t\t<div class=\"elementor-widget-wrap\">\n\t\t\t\t\t\t<section class=\"elementor-section elementor-inner-section elementor-element elementor-element-d2ab48f elementor-section-full_width elementor-section-height-default elementor-section-height-default\" data-id=\"d2ab48f\" data-element_type=\"section\">\n\t\t\t\t\t\t<div class=\"elementor-container elementor-column-gap-extended\">\n\t\t\t\t\t\t\t<div class=\"elementor-row\">\n\t\t\t\t\t<div class=\"elementor-column elementor-col-33 elementor-inner-column elementor-element elementor-element-ad3790a ot-flex-column-vertical\" data-id=\"ad3790a\" data-element_type=\"column\">\n\t\t\t<div class=\"elementor-column-wrap\">\n\t\t\t\t\t\t\t<div class=\"elementor-widget-wrap\">\n\t\t\t\t\t\t\t\t<\/div>\n\t\t\t\t\t<\/div>\n\t\t<\/div>\n\t\t\t\t<div class=\"elementor-column elementor-col-33 elementor-inner-column elementor-element elementor-element-ca838f8 ot-flex-column-vertical\" data-id=\"ca838f8\" data-element_type=\"column\">\n\t\t\t<div class=\"elementor-column-wrap elementor-element-populated\">\n\t\t\t\t\t\t\t<div class=\"elementor-widget-wrap\">\n\t\t\t\t\t\t<div class=\"elementor-element elementor-element-ba65ecc elementor-widget elementor-widget-iheading\" data-id=\"ba65ecc\" data-element_type=\"widget\" data-widget_type=\"iheading.default\">\n\t\t\t\t<div class=\"elementor-widget-container\">\n\t\t\t\t\t<div class=\"ot-heading\">\r\n\t        <span class=\"\">AGENCJA UBEZPIECZENIOWA<\/span>\t        <h3 class=\"main-head\">Oferujemy zawsze najkorzystniejsze ubezpieczenia<\/h3>\t    <\/div>\r\n\t    \t\t<\/div>\n\t\t\t\t<\/div>\n\t\t\t\t<div class=\"elementor-element elementor-element-260733b elementor-widget elementor-widget-text-editor\" data-id=\"260733b\" data-element_type=\"widget\" data-widget_type=\"text-editor.default\">\n\t\t\t\t<div class=\"elementor-widget-container\">\n\t\t\t\t\t<div class=\"elementor-text-editor elementor-clearfix\"><p>UBEZPIECZENIA WLAZ\u0141O\u00a0<\/p><\/div>\n\t\t\t\t<\/div>\n\t\t\t\t<\/div>\n\t\t\t\t\t\t<\/div>\n\t\t\t\t\t<\/div>\n\t\t<\/div>\n\t\t\t\t<div class=\"elementor-column elementor-col-33 elementor-inner-column elementor-element elementor-element-bdb7238 ot-flex-column-vertical\" data-id=\"bdb7238\" data-element_type=\"column\">\n\t\t\t<div class=\"elementor-column-wrap\">\n\t\t\t\t\t\t\t<div class=\"elementor-widget-wrap\">\n\t\t\t\t\t\t\t\t<\/div>\n\t\t\t\t\t<\/div>\n\t\t<\/div>\n\t\t\t\t\t\t\t\t<\/div>\n\t\t\t\t\t<\/div>\n\t\t<\/section>\n\t\t\t\t<div class=\"elementor-element elementor-element-658246c elementor-widget elementor-widget-iiboxcarousel\" data-id=\"658246c\" data-element_type=\"widget\" data-widget_type=\"iiboxcarousel.default\">\n\t\t\t\t<div class=\"elementor-widget-container\">\n\t\t\t\t\t<div class=\"image-box-carousel\" data-loop=\"false\" data-auto=\"true\" data-time=\"7000\" data-arrows=\"false\" data-dots=\"true\" data-show=\"\" data-tshow=\"\" data-mshow=\"\" data-gaps=\"\" data-tgaps=\"\" data-mgaps=\"\">\r\n\t\t\t<div class=\"owl-carousel owl-theme\">\r\n\t\t\t\t\t\t\t\t<div class=\"ot-image-box\">\r\n\t\t\t\t\t<a href=\"https:\/\/legionowoubezpieczenia.pl\/index.php\/our-services\/ubezpieczenia-komunikacyjne-oc-ac-nnw\/\"><img src=\"https:\/\/legionowoubezpieczenia.pl\/wp-content\/uploads\/2021\/01\/a-young-woman-with-smartphone-by-the-damaged-car-a-7FPTKGR.jpg\" alt=\"Ubezpieczenia OC\/AC\/NNW\"><\/a>\t\t\t\t\t<div class=\"content-box\">\r\n\t\t\t\t\t\t<h5 class=\"title-box\"><a href=\"https:\/\/legionowoubezpieczenia.pl\/index.php\/our-services\/ubezpieczenia-komunikacyjne-oc-ac-nnw\/\">Ubezpieczenia OC\/AC\/NNW<\/a><\/h5>\t\t\t\t\t\t<p>Zapoznaj si\u0119 z ofert\u0105 ubezpiecze\u0144<\/p>\t\t\t\t\t<\/div>\r\n\t\t\t\t\t<a href=\"https:\/\/legionowoubezpieczenia.pl\/index.php\/our-services\/ubezpieczenia-komunikacyjne-oc-ac-nnw\/\" class=\"link-box font-second\"><span>Dowiedz si\u0119 wi\u0119cej<\/span><i class=\"ot-flaticon-trajectory\"><\/i><\/a>\t\t\t\t<\/div>\r\n\t\t\t\t\t\t\t\t<div class=\"ot-image-box\">\r\n\t\t\t\t\t<a href=\"https:\/\/legionowoubezpieczenia.pl\/index.php\/our-services\/ubezpieczenia-na-zycie\/\"><img src=\"https:\/\/legionowoubezpieczenia.pl\/wp-content\/uploads\/2021\/01\/happy-family-PHDZZNB.jpg\" alt=\"Ubezpieczenia&lt;br&gt;\nna \u017cycie\"><\/a>\t\t\t\t\t<div class=\"content-box\">\r\n\t\t\t\t\t\t<h5 class=\"title-box\"><a href=\"https:\/\/legionowoubezpieczenia.pl\/index.php\/our-services\/ubezpieczenia-na-zycie\/\">Ubezpieczenia<br>\nna \u017cycie<\/a><\/h5>\t\t\t\t\t\t<p>Zapoznaj si\u0119 z ofert\u0105 ubezpiecze\u0144<\/p>\t\t\t\t\t<\/div>\r\n\t\t\t\t\t<a href=\"https:\/\/legionowoubezpieczenia.pl\/index.php\/our-services\/ubezpieczenia-na-zycie\/\" class=\"link-box font-second\"><span>Dowiedz si\u0119 wi\u0119cej<\/span><i class=\"ot-flaticon-trajectory\"><\/i><\/a>\t\t\t\t<\/div>\r\n\t\t\t\t\t\t\t\t<div class=\"ot-image-box\">\r\n\t\t\t\t\t<a href=\"http:\/\/wpdemo.archiwp.com\/maxbizz\/our-services\/project-management\/\"><img src=\"https:\/\/legionowoubezpieczenia.pl\/wp-content\/uploads\/2021\/01\/money-CD3Q74K.jpg\" alt=\"Ubezpieczenia&lt;br&gt;\nmaj\u0105tkowe\"><\/a>\t\t\t\t\t<div class=\"content-box\">\r\n\t\t\t\t\t\t<h5 class=\"title-box\"><a href=\"http:\/\/wpdemo.archiwp.com\/maxbizz\/our-services\/project-management\/\">Ubezpieczenia<br>\nmaj\u0105tkowe<\/a><\/h5>\t\t\t\t\t\t<p>Zapoznaj si\u0119 z ofert\u0105 ubezpiecze\u0144<\/p>\t\t\t\t\t<\/div>\r\n\t\t\t\t\t<a href=\"http:\/\/wpdemo.archiwp.com\/maxbizz\/our-services\/project-management\/\" class=\"link-box font-second\"><span>Dowiedz si\u0119 wi\u0119cej<\/span><i class=\"ot-flaticon-trajectory\"><\/i><\/a>\t\t\t\t<\/div>\r\n\t\t\t\t\t\t\t<\/div>\r\n\t\t<\/div>\r\n\r\n\t    \t\t<\/div>\n\t\t\t\t<\/div>\n\t\t\t\t\t\t<\/div>\n\t\t\t\t\t<\/div>\n\t\t<\/div>\n\t\t\t\t\t\t\t\t<\/div>\n\t\t\t\t\t<\/div>\n\t\t<\/section>\n\t\t\t\t<section class=\"elementor-section elementor-top-section elementor-element elementor-element-d0493f4 elementor-section-boxed elementor-section-height-default elementor-section-height-default\" data-id=\"d0493f4\" data-element_type=\"section\" data-settings=\"{&quot;background_background&quot;:&quot;classic&quot;}\">\n\t\t\t\t\t\t<div class=\"elementor-container elementor-column-gap-default\">\n\t\t\t\t\t\t\t<div class=\"elementor-row\">\n\t\t\t\t\t<div class=\"elementor-column elementor-col-100 elementor-top-column elementor-element elementor-element-bfd67a8 ot-flex-column-vertical\" data-id=\"bfd67a8\" data-element_type=\"column\">\n\t\t\t<div class=\"elementor-column-wrap elementor-element-populated\">\n\t\t\t\t\t\t\t<div class=\"elementor-widget-wrap\">\n\t\t\t\t\t\t\t\t<\/div>\n\t\t\t\t\t<\/div>\n\t\t<\/div>\n\t\t\t\t\t\t\t\t<\/div>\n\t\t\t\t\t<\/div>\n\t\t<\/section>\n\t\t\t\t\t\t<\/div>\n\t\t\t\t\t\t<\/div>\n\t\t\t\t\t<\/div>\n\t\t","protected":false},"excerpt":{"rendered":"<p>O nas Ubezpieczenia Wlaz\u0142o Agencja Ubezpieczeniowa Iwona Wlaz\u0142o jest na rynku od ponad 20 lat. Zapraszamy do skorzystania z naszego doradztwa oraz us\u0142ug ubezpieczeniowych w zakresie: ubezpiecze\u0144 komunikacyjnych, mieszkaniowych, przedsi\u0119biorstw oraz ubezpiecze\u0144 na \u017cycie. Od pocz\u0105tku swojej dzia\u0142alno\u015bci postawili\u015bmy na jako\u015b\u0107 obs\u0142ugi Klienta. Ka\u017cdy Klient jest traktowany indywidualnie. Stosownie do potrzeb naszych Klient\u00f3w dobieramy najbardziej [&hellip;]<\/p>\n","protected":false},"author":1,"featured_media":0,"parent":0,"menu_order":0,"comment_status":"closed","ping_status":"closed","template":"","meta":[],"_links":{"self":[{"href":"https:\/\/legionowoubezpieczenia.pl\/index.php\/wp-json\/wp\/v2\/pages\/487"}],"collection":[{"href":"https:\/\/legionowoubezpieczenia.pl\/index.php\/wp-json\/wp\/v2\/pages"}],"about":[{"href":"https:\/\/legionowoubezpieczenia.pl\/index.php\/wp-json\/wp\/v2\/types\/page"}],"author":[{"embeddable":true,"href":"https:\/\/legionowoubezpieczenia.pl\/index.php\/wp-json\/wp\/v2\/users\/1"}],"replies":[{"embeddable":true,"href":"https:\/\/legionowoubezpieczenia.pl\/index.php\/wp-json\/wp\/v2\/comments?post=487"}],"version-history":[{"count":36,"href":"https:\/\/legionowoubezpieczenia.pl\/index.php\/wp-json\/wp\/v2\/pages\/487\/revisions"}],"predecessor-version":[{"id":3538,"href":"https:\/\/legionowoubezpieczenia.pl\/index.php\/wp-json\/wp\/v2\/pages\/487\/revisions\/3538"}],"wp:attachment":[{"href":"https:\/\/legionowoubezpieczenia.pl\/index.php\/wp-json\/wp\/v2\/media?parent=487"}],"curies":[{"name":"wp","href":"https:\/\/api.w.org\/{rel}","templated":true}]}}