{"id":3077,"date":"2021-01-25T11:57:34","date_gmt":"2021-01-25T11:57:34","guid":{"rendered":"https:\/\/legionowoubezpieczenia.pl\/?page_id=3077"},"modified":"2021-02-10T20:44:06","modified_gmt":"2021-02-10T20:44:06","slug":"ubezpieczenia-komunikacyjne-oc-ac-nnw","status":"publish","type":"page","link":"https:\/\/legionowoubezpieczenia.pl\/index.php\/nasza-oferta\/ubezpieczenia-komunikacyjne-oc-ac-nnw\/","title":{"rendered":"Ubezpieczenia komunikacyjne OC \/ AC \/ NNW"},"content":{"rendered":"\t\t<div data-elementor-type=\"wp-page\" data-elementor-id=\"3077\" class=\"elementor elementor-3077\" data-elementor-settings=\"[]\">\n\t\t\t\t\t\t<div class=\"elementor-inner\">\n\t\t\t\t\t\t\t<div class=\"elementor-section-wrap\">\n\t\t\t\t\t\t\t<section class=\"elementor-section elementor-top-section elementor-element elementor-element-2784cf1 elementor-reverse-tablet elementor-reverse-mobile elementor-section-boxed elementor-section-height-default elementor-section-height-default\" data-id=\"2784cf1\" data-element_type=\"section\">\n\t\t\t\t\t\t<div class=\"elementor-container elementor-column-gap-extended\">\n\t\t\t\t\t\t\t<div class=\"elementor-row\">\n\t\t\t\t\t<div class=\"elementor-column elementor-col-100 elementor-top-column elementor-element elementor-element-6b0b1f4 ot-flex-column-vertical\" data-id=\"6b0b1f4\" data-element_type=\"column\">\n\t\t\t<div class=\"elementor-column-wrap elementor-element-populated\">\n\t\t\t\t\t\t\t<div class=\"elementor-widget-wrap\">\n\t\t\t\t\t\t<div class=\"elementor-element elementor-element-fa0c07e elementor-widget elementor-widget-heading\" data-id=\"fa0c07e\" data-element_type=\"widget\" data-widget_type=\"heading.default\">\n\t\t\t\t<div class=\"elementor-widget-container\">\n\t\t\t<h3 class=\"elementor-heading-title elementor-size-default\">Ubezpieczenia komunikacyjne OC \/ AC \/ NNW<\/h3>\t\t<\/div>\n\t\t\t\t<\/div>\n\t\t\t\t<div class=\"elementor-element elementor-element-508a439 elementor-widget elementor-widget-text-editor\" data-id=\"508a439\" data-element_type=\"widget\" data-widget_type=\"text-editor.default\">\n\t\t\t\t<div class=\"elementor-widget-container\">\n\t\t\t\t\t<div class=\"elementor-text-editor elementor-clearfix\"><p><strong>Ubezpieczenie<\/strong>&nbsp;odpowiedzialno\u015bci cywilnej (<strong>OC<\/strong>) samochodu obejmuje przede wszystkim rekompensat\u0119 szk\u00f3d, powsta\u0142ych w wyniku spowodowania kolizji lub wypadku drogowego.<\/p>\n<p>AC &#8211;&nbsp;&nbsp;Ubezpieczenie AC to polisa dobrowolna, kt\u00f3ra gwarantuje wyp\u0142at\u0119 odszkodowania w przypadku uszkodzenia samochodu z w\u0142asnej winy (szkody cz\u0119\u015bciowej lub ca\u0142kowitej) oraz:<\/p>\n<ul>\n<li>kradzie\u017cy auta,<\/li>\n<li>dzia\u0142ania si\u0142 natury,<\/li>\n<li>akt\u00f3w wandalizmu i innych dzia\u0142a\u0144 os\u00f3b trzecich, tzw. nieznanych sprawc\u00f3w&nbsp;<\/li>\n<li><strong>NNW <\/strong>&nbsp;obejmuje przede wszystkim trwa\u0142e nast\u0119pstwa nieszcz\u0119\u015bliwych wypadk\u00f3w zwi\u0105zanych z ruchem lub u\u017cywaniem pojazdu. Odszkodowanie z&nbsp;<strong>NNW<\/strong>&nbsp;jest wyp\u0142acane za \u015bmier\u0107, a tak\u017ce rozstr\u00f3j zdrowia, uszkodzenia cia\u0142a kierowcy i pasa\u017cer\u00f3w, je\u015bli doznali oni trwa\u0142ych uszczerbk\u00f3w na zdrowiu<\/li>\n<li><strong>Assistance&nbsp;<\/strong>&#8211; dobrowolne ubezpieczenie, zapewniaj\u0105ce ubezpieczonemu okre\u015blony rodzaj pomocy \u2013 serwisow\u0105, medyczn\u0105, informacyjn\u0105.&nbsp;<\/li>\n<\/ul><\/div>\n\t\t\t\t<\/div>\n\t\t\t\t<\/div>\n\t\t\t\t<div class=\"elementor-element elementor-element-6191f05 elementor-widget elementor-widget-image\" data-id=\"6191f05\" data-element_type=\"widget\" data-widget_type=\"image.default\">\n\t\t\t\t<div class=\"elementor-widget-container\">\n\t\t\t\t\t<div class=\"elementor-image\">\n\t\t\t\t\t\t\t\t\t\t<img width=\"768\" height=\"508\" src=\"https:\/\/legionowoubezpieczenia.pl\/wp-content\/uploads\/2021\/01\/man-is-calling-ambulance-after-car-accident-NCUGNGP-768x508.jpg\" class=\"attachment-medium_large size-medium_large\" alt=\"\" loading=\"lazy\" srcset=\"https:\/\/legionowoubezpieczenia.pl\/wp-content\/uploads\/2021\/01\/man-is-calling-ambulance-after-car-accident-NCUGNGP-768x508.jpg 768w, https:\/\/legionowoubezpieczenia.pl\/wp-content\/uploads\/2021\/01\/man-is-calling-ambulance-after-car-accident-NCUGNGP-300x199.jpg 300w, https:\/\/legionowoubezpieczenia.pl\/wp-content\/uploads\/2021\/01\/man-is-calling-ambulance-after-car-accident-NCUGNGP.jpg 870w\" sizes=\"(max-width: 768px) 100vw, 768px\" \/>\t\t\t\t\t\t\t\t\t\t\t<\/div>\n\t\t\t\t<\/div>\n\t\t\t\t<\/div>\n\t\t\t\t<section class=\"elementor-section elementor-inner-section elementor-element elementor-element-3808452 elementor-section-full_width elementor-section-height-default elementor-section-height-default\" data-id=\"3808452\" data-element_type=\"section\">\n\t\t\t\t\t\t<div class=\"elementor-container elementor-column-gap-extended\">\n\t\t\t\t\t\t\t<div class=\"elementor-row\">\n\t\t\t\t\t<div class=\"elementor-column elementor-col-33 elementor-inner-column elementor-element elementor-element-2deb288 ot-flex-column-vertical\" data-id=\"2deb288\" data-element_type=\"column\">\n\t\t\t<div class=\"elementor-column-wrap elementor-element-populated\">\n\t\t\t\t\t\t\t<div class=\"elementor-widget-wrap\">\n\t\t\t\t\t\t<div class=\"elementor-element elementor-element-aed5597 elementor-widget elementor-widget-iprogress\" data-id=\"aed5597\" data-element_type=\"widget\" data-widget_type=\"iprogress.default\">\n\t\t\t\t<div class=\"elementor-widget-container\">\n\t\t\t\r\n\t\t\t\t<div class=\"circle-progress\" data-color=\"#52C5B6\" data-height=\"4\" data-size=\"160\">\r\n\t\t\t<div class=\"inner-bar\" data-percent=\"100\">\r\n\t\t\t\t<span>\r\n\t\t\t\t\t<span class=\"percent\">100<\/span>\t\t\t\t<\/span>\r\n\t\t\t<\/div>\r\n\t\t\t<h6>Oc<\/h6>\t\t<\/div>\r\n\t\t\r\n\t    \t\t<\/div>\n\t\t\t\t<\/div>\n\t\t\t\t\t\t<\/div>\n\t\t\t\t\t<\/div>\n\t\t<\/div>\n\t\t\t\t<div class=\"elementor-column elementor-col-33 elementor-inner-column elementor-element elementor-element-18feed3 ot-flex-column-vertical\" data-id=\"18feed3\" data-element_type=\"column\">\n\t\t\t<div class=\"elementor-column-wrap elementor-element-populated\">\n\t\t\t\t\t\t\t<div class=\"elementor-widget-wrap\">\n\t\t\t\t\t\t<div class=\"elementor-element elementor-element-2687052 elementor-widget elementor-widget-iprogress\" data-id=\"2687052\" data-element_type=\"widget\" data-widget_type=\"iprogress.default\">\n\t\t\t\t<div class=\"elementor-widget-container\">\n\t\t\t\r\n\t\t\t\t<div class=\"circle-progress\" data-color=\"#52C5B6\" data-height=\"4\" data-size=\"160\">\r\n\t\t\t<div class=\"inner-bar\" data-percent=\"100\">\r\n\t\t\t\t<span>\r\n\t\t\t\t\t<span class=\"percent\">100<\/span>\t\t\t\t<\/span>\r\n\t\t\t<\/div>\r\n\t\t\t<h6>AC<\/h6>\t\t<\/div>\r\n\t\t\r\n\t    \t\t<\/div>\n\t\t\t\t<\/div>\n\t\t\t\t\t\t<\/div>\n\t\t\t\t\t<\/div>\n\t\t<\/div>\n\t\t\t\t<div class=\"elementor-column elementor-col-33 elementor-inner-column elementor-element elementor-element-0b9de86 ot-flex-column-vertical\" data-id=\"0b9de86\" data-element_type=\"column\">\n\t\t\t<div class=\"elementor-column-wrap elementor-element-populated\">\n\t\t\t\t\t\t\t<div class=\"elementor-widget-wrap\">\n\t\t\t\t\t\t<div class=\"elementor-element elementor-element-75d682b elementor-widget elementor-widget-iprogress\" data-id=\"75d682b\" data-element_type=\"widget\" data-widget_type=\"iprogress.default\">\n\t\t\t\t<div class=\"elementor-widget-container\">\n\t\t\t\r\n\t\t\t\t<div class=\"circle-progress\" data-color=\"#52C5B6\" data-height=\"4\" data-size=\"160\">\r\n\t\t\t<div class=\"inner-bar\" data-percent=\"100\">\r\n\t\t\t\t<span>\r\n\t\t\t\t\t<span class=\"percent\">100<\/span>\t\t\t\t<\/span>\r\n\t\t\t<\/div>\r\n\t\t\t<h6>NNW<\/h6>\t\t<\/div>\r\n\t\t\r\n\t    \t\t<\/div>\n\t\t\t\t<\/div>\n\t\t\t\t\t\t<\/div>\n\t\t\t\t\t<\/div>\n\t\t<\/div>\n\t\t\t\t\t\t\t\t<\/div>\n\t\t\t\t\t<\/div>\n\t\t<\/section>\n\t\t\t\t<section class=\"elementor-section elementor-inner-section elementor-element elementor-element-3cf7ecd elementor-section-full_width elementor-section-height-default elementor-section-height-default\" data-id=\"3cf7ecd\" data-element_type=\"section\" data-settings=\"{&quot;background_background&quot;:&quot;classic&quot;}\">\n\t\t\t\t\t\t<div class=\"elementor-container elementor-column-gap-extended\">\n\t\t\t\t\t\t\t<div class=\"elementor-row\">\n\t\t\t\t\t<div class=\"elementor-column elementor-col-100 elementor-inner-column elementor-element elementor-element-fc883e9 ot-flex-column-vertical\" data-id=\"fc883e9\" data-element_type=\"column\">\n\t\t\t<div class=\"elementor-column-wrap elementor-element-populated\">\n\t\t\t\t\t\t\t<div class=\"elementor-widget-wrap\">\n\t\t\t\t\t\t<div class=\"elementor-element elementor-element-42bd250 elementor-widget elementor-widget-text-editor\" data-id=\"42bd250\" data-element_type=\"widget\" data-widget_type=\"text-editor.default\">\n\t\t\t\t<div class=\"elementor-widget-container\">\n\t\t\t\t\t<div class=\"elementor-text-editor elementor-clearfix\"><blockquote><h1 class=\"entry-title\">&#8222;Tw\u00f3j strach to nic innego, jak pragnienie poczucia bezpiecze\u0144stwa i znalezienia wyj\u015bcia z trudnej sytuacji.&#8221;<\/h1><p><cite>~ Joseph Murphy<\/cite><\/p><\/blockquote><\/div>\n\t\t\t\t<\/div>\n\t\t\t\t<\/div>\n\t\t\t\t\t\t<\/div>\n\t\t\t\t\t<\/div>\n\t\t<\/div>\n\t\t\t\t\t\t\t\t<\/div>\n\t\t\t\t\t<\/div>\n\t\t<\/section>\n\t\t\t\t\t\t<\/div>\n\t\t\t\t\t<\/div>\n\t\t<\/div>\n\t\t\t\t\t\t\t\t<\/div>\n\t\t\t\t\t<\/div>\n\t\t<\/section>\n\t\t\t\t\t\t<\/div>\n\t\t\t\t\t\t<\/div>\n\t\t\t\t\t<\/div>\n\t\t","protected":false},"excerpt":{"rendered":"<p>Ubezpieczenia komunikacyjne OC \/ AC \/ NNW Ubezpieczenie&nbsp;odpowiedzialno\u015bci cywilnej (OC) samochodu obejmuje przede wszystkim rekompensat\u0119 szk\u00f3d, powsta\u0142ych w wyniku spowodowania kolizji lub wypadku drogowego. AC &#8211;&nbsp;&nbsp;Ubezpieczenie AC to polisa dobrowolna, kt\u00f3ra gwarantuje wyp\u0142at\u0119 odszkodowania w przypadku uszkodzenia samochodu z w\u0142asnej winy (szkody cz\u0119\u015bciowej lub ca\u0142kowitej) oraz: kradzie\u017cy auta, dzia\u0142ania si\u0142 natury, akt\u00f3w wandalizmu i innych [&hellip;]<\/p>\n","protected":false},"author":1,"featured_media":0,"parent":868,"menu_order":0,"comment_status":"closed","ping_status":"closed","template":"","meta":[],"_links":{"self":[{"href":"https:\/\/legionowoubezpieczenia.pl\/index.php\/wp-json\/wp\/v2\/pages\/3077"}],"collection":[{"href":"https:\/\/legionowoubezpieczenia.pl\/index.php\/wp-json\/wp\/v2\/pages"}],"about":[{"href":"https:\/\/legionowoubezpieczenia.pl\/index.php\/wp-json\/wp\/v2\/types\/page"}],"author":[{"embeddable":true,"href":"https:\/\/legionowoubezpieczenia.pl\/index.php\/wp-json\/wp\/v2\/users\/1"}],"replies":[{"embeddable":true,"href":"https:\/\/legionowoubezpieczenia.pl\/index.php\/wp-json\/wp\/v2\/comments?post=3077"}],"version-history":[{"count":7,"href":"https:\/\/legionowoubezpieczenia.pl\/index.php\/wp-json\/wp\/v2\/pages\/3077\/revisions"}],"predecessor-version":[{"id":3415,"href":"https:\/\/legionowoubezpieczenia.pl\/index.php\/wp-json\/wp\/v2\/pages\/3077\/revisions\/3415"}],"up":[{"embeddable":true,"href":"https:\/\/legionowoubezpieczenia.pl\/index.php\/wp-json\/wp\/v2\/pages\/868"}],"wp:attachment":[{"href":"https:\/\/legionowoubezpieczenia.pl\/index.php\/wp-json\/wp\/v2\/media?parent=3077"}],"curies":[{"name":"wp","href":"https:\/\/api.w.org\/{rel}","templated":true}]}}