{"id":3034,"date":"2021-01-25T10:38:15","date_gmt":"2021-01-25T10:38:15","guid":{"rendered":"https:\/\/legionowoubezpieczenia.pl\/?page_id=3034"},"modified":"2021-02-10T20:45:49","modified_gmt":"2021-02-10T20:45:49","slug":"grupowe-ubezpieczenie-na-zycie","status":"publish","type":"page","link":"https:\/\/legionowoubezpieczenia.pl\/index.php\/nasza-oferta\/grupowe-ubezpieczenie-na-zycie\/","title":{"rendered":"Grupowe ubezpieczenie na \u017cycie"},"content":{"rendered":"\t\t<div data-elementor-type=\"wp-page\" data-elementor-id=\"3034\" class=\"elementor elementor-3034\" data-elementor-settings=\"[]\">\n\t\t\t\t\t\t<div class=\"elementor-inner\">\n\t\t\t\t\t\t\t<div class=\"elementor-section-wrap\">\n\t\t\t\t\t\t\t<section class=\"elementor-section elementor-top-section elementor-element elementor-element-2784cf1 elementor-reverse-tablet elementor-reverse-mobile elementor-section-boxed elementor-section-height-default elementor-section-height-default\" data-id=\"2784cf1\" data-element_type=\"section\">\n\t\t\t\t\t\t<div class=\"elementor-container elementor-column-gap-extended\">\n\t\t\t\t\t\t\t<div class=\"elementor-row\">\n\t\t\t\t\t<div class=\"elementor-column elementor-col-100 elementor-top-column elementor-element elementor-element-6b0b1f4 ot-flex-column-vertical\" data-id=\"6b0b1f4\" data-element_type=\"column\">\n\t\t\t<div class=\"elementor-column-wrap elementor-element-populated\">\n\t\t\t\t\t\t\t<div class=\"elementor-widget-wrap\">\n\t\t\t\t\t\t<div class=\"elementor-element elementor-element-fa0c07e elementor-widget elementor-widget-heading\" data-id=\"fa0c07e\" data-element_type=\"widget\" data-widget_type=\"heading.default\">\n\t\t\t\t<div class=\"elementor-widget-container\">\n\t\t\t<h3 class=\"elementor-heading-title elementor-size-default\">Grupowe ubezpieczenie na \u017cycie <\/h3>\t\t<\/div>\n\t\t\t\t<\/div>\n\t\t\t\t<div class=\"elementor-element elementor-element-508a439 elementor-widget elementor-widget-text-editor\" data-id=\"508a439\" data-element_type=\"widget\" data-widget_type=\"text-editor.default\">\n\t\t\t\t<div class=\"elementor-widget-container\">\n\t\t\t\t\t<div class=\"elementor-text-editor elementor-clearfix\"><p>to<strong>\u00a0mo\u017cliwo\u015b\u0107 finansowego wsparcia<\/strong>\u00a0pracownik\u00f3w w r\u00f3\u017cnych sytuacjach \u017cyciowych takich, jak np.\u00a0<strong>wypadek, choroba, pobyt w szpitalu, operacja czy narodziny dziecka<\/strong>\u00a0(w zale\u017cno\u015bci od wybranego wariantu ubezpieczenia i um\u00f3w dodatkowych). Polisa stanowi tak\u017ce\u00a0<strong>zabezpieczenie finansowe cz\u0142onk\u00f3w rodziny na wypadek \u015bmierci\u00a0<\/strong>ubezpieczonego.<\/p><\/div>\n\t\t\t\t<\/div>\n\t\t\t\t<\/div>\n\t\t\t\t<div class=\"elementor-element elementor-element-6191f05 elementor-widget elementor-widget-image\" data-id=\"6191f05\" data-element_type=\"widget\" data-widget_type=\"image.default\">\n\t\t\t\t<div class=\"elementor-widget-container\">\n\t\t\t\t\t<div class=\"elementor-image\">\n\t\t\t\t\t\t\t\t\t\t<img width=\"768\" height=\"508\" src=\"https:\/\/legionowoubezpieczenia.pl\/wp-content\/uploads\/2021\/01\/car-accident-in-winter-vorest-with-one-injured-DVND5ZE-768x508.jpg\" class=\"attachment-medium_large size-medium_large\" alt=\"\" loading=\"lazy\" srcset=\"https:\/\/legionowoubezpieczenia.pl\/wp-content\/uploads\/2021\/01\/car-accident-in-winter-vorest-with-one-injured-DVND5ZE-768x508.jpg 768w, https:\/\/legionowoubezpieczenia.pl\/wp-content\/uploads\/2021\/01\/car-accident-in-winter-vorest-with-one-injured-DVND5ZE-300x199.jpg 300w, https:\/\/legionowoubezpieczenia.pl\/wp-content\/uploads\/2021\/01\/car-accident-in-winter-vorest-with-one-injured-DVND5ZE.jpg 870w\" sizes=\"(max-width: 768px) 100vw, 768px\" \/>\t\t\t\t\t\t\t\t\t\t\t<\/div>\n\t\t\t\t<\/div>\n\t\t\t\t<\/div>\n\t\t\t\t<section class=\"elementor-section elementor-inner-section elementor-element elementor-element-3808452 elementor-section-full_width elementor-section-height-default elementor-section-height-default\" data-id=\"3808452\" data-element_type=\"section\">\n\t\t\t\t\t\t<div class=\"elementor-container elementor-column-gap-extended\">\n\t\t\t\t\t\t\t<div class=\"elementor-row\">\n\t\t\t\t\t<div class=\"elementor-column elementor-col-33 elementor-inner-column elementor-element elementor-element-2deb288 ot-flex-column-vertical\" data-id=\"2deb288\" data-element_type=\"column\">\n\t\t\t<div class=\"elementor-column-wrap elementor-element-populated\">\n\t\t\t\t\t\t\t<div class=\"elementor-widget-wrap\">\n\t\t\t\t\t\t<div class=\"elementor-element elementor-element-aed5597 elementor-widget elementor-widget-iprogress\" data-id=\"aed5597\" data-element_type=\"widget\" data-widget_type=\"iprogress.default\">\n\t\t\t\t<div class=\"elementor-widget-container\">\n\t\t\t\r\n\t\t\t\t<div class=\"circle-progress\" data-color=\"#52C5B6\" data-height=\"4\" data-size=\"160\">\r\n\t\t\t<div class=\"inner-bar\" data-percent=\"100\">\r\n\t\t\t\t<span>\r\n\t\t\t\t\t<span class=\"percent\">100<\/span>\t\t\t\t<\/span>\r\n\t\t\t<\/div>\r\n\t\t\t<h6>Wsparcia podczas wypadku<\/h6>\t\t<\/div>\r\n\t\t\r\n\t    \t\t<\/div>\n\t\t\t\t<\/div>\n\t\t\t\t\t\t<\/div>\n\t\t\t\t\t<\/div>\n\t\t<\/div>\n\t\t\t\t<div class=\"elementor-column elementor-col-33 elementor-inner-column elementor-element elementor-element-18feed3 ot-flex-column-vertical\" data-id=\"18feed3\" data-element_type=\"column\">\n\t\t\t<div class=\"elementor-column-wrap elementor-element-populated\">\n\t\t\t\t\t\t\t<div class=\"elementor-widget-wrap\">\n\t\t\t\t\t\t<div class=\"elementor-element elementor-element-2687052 elementor-widget elementor-widget-iprogress\" data-id=\"2687052\" data-element_type=\"widget\" data-widget_type=\"iprogress.default\">\n\t\t\t\t<div class=\"elementor-widget-container\">\n\t\t\t\r\n\t\t\t\t<div class=\"circle-progress\" data-color=\"#52C5B6\" data-height=\"4\" data-size=\"160\">\r\n\t\t\t<div class=\"inner-bar\" data-percent=\"100\">\r\n\t\t\t\t<span>\r\n\t\t\t\t\t<span class=\"percent\">100<\/span>\t\t\t\t<\/span>\r\n\t\t\t<\/div>\r\n\t\t\t<h6>Wsparcia podczas choroby\n<\/h6>\t\t<\/div>\r\n\t\t\r\n\t    \t\t<\/div>\n\t\t\t\t<\/div>\n\t\t\t\t\t\t<\/div>\n\t\t\t\t\t<\/div>\n\t\t<\/div>\n\t\t\t\t<div class=\"elementor-column elementor-col-33 elementor-inner-column elementor-element elementor-element-0b9de86 ot-flex-column-vertical\" data-id=\"0b9de86\" data-element_type=\"column\">\n\t\t\t<div class=\"elementor-column-wrap elementor-element-populated\">\n\t\t\t\t\t\t\t<div class=\"elementor-widget-wrap\">\n\t\t\t\t\t\t<div class=\"elementor-element elementor-element-75d682b elementor-widget elementor-widget-iprogress\" data-id=\"75d682b\" data-element_type=\"widget\" data-widget_type=\"iprogress.default\">\n\t\t\t\t<div class=\"elementor-widget-container\">\n\t\t\t\r\n\t\t\t\t<div class=\"circle-progress\" data-color=\"#52C5B6\" data-height=\"4\" data-size=\"160\">\r\n\t\t\t<div class=\"inner-bar\" data-percent=\"100\">\r\n\t\t\t\t<span>\r\n\t\t\t\t\t<span class=\"percent\">100<\/span>\t\t\t\t<\/span>\r\n\t\t\t<\/div>\r\n\t\t\t<h6>Wsparcia podczas pobytu w szpitalu<\/h6>\t\t<\/div>\r\n\t\t\r\n\t    \t\t<\/div>\n\t\t\t\t<\/div>\n\t\t\t\t\t\t<\/div>\n\t\t\t\t\t<\/div>\n\t\t<\/div>\n\t\t\t\t\t\t\t\t<\/div>\n\t\t\t\t\t<\/div>\n\t\t<\/section>\n\t\t\t\t<section class=\"elementor-section elementor-inner-section elementor-element elementor-element-3cf7ecd elementor-section-full_width elementor-section-height-default elementor-section-height-default\" data-id=\"3cf7ecd\" data-element_type=\"section\" data-settings=\"{&quot;background_background&quot;:&quot;classic&quot;}\">\n\t\t\t\t\t\t<div class=\"elementor-container elementor-column-gap-extended\">\n\t\t\t\t\t\t\t<div class=\"elementor-row\">\n\t\t\t\t\t<div class=\"elementor-column elementor-col-100 elementor-inner-column elementor-element elementor-element-fc883e9 ot-flex-column-vertical\" data-id=\"fc883e9\" data-element_type=\"column\">\n\t\t\t<div class=\"elementor-column-wrap elementor-element-populated\">\n\t\t\t\t\t\t\t<div class=\"elementor-widget-wrap\">\n\t\t\t\t\t\t<div class=\"elementor-element elementor-element-42bd250 elementor-widget elementor-widget-text-editor\" data-id=\"42bd250\" data-element_type=\"widget\" data-widget_type=\"text-editor.default\">\n\t\t\t\t<div class=\"elementor-widget-container\">\n\t\t\t\t\t<div class=\"elementor-text-editor elementor-clearfix\"><blockquote><h1 class=\"entry-title\">&#8222;Tw\u00f3j strach to nic innego, jak pragnienie poczucia bezpiecze\u0144stwa i znalezienia wyj\u015bcia z trudnej sytuacji.&#8221;<\/h1><p><cite>~ Joseph Murphy<\/cite><\/p><\/blockquote><\/div>\n\t\t\t\t<\/div>\n\t\t\t\t<\/div>\n\t\t\t\t\t\t<\/div>\n\t\t\t\t\t<\/div>\n\t\t<\/div>\n\t\t\t\t\t\t\t\t<\/div>\n\t\t\t\t\t<\/div>\n\t\t<\/section>\n\t\t\t\t\t\t<\/div>\n\t\t\t\t\t<\/div>\n\t\t<\/div>\n\t\t\t\t\t\t\t\t<\/div>\n\t\t\t\t\t<\/div>\n\t\t<\/section>\n\t\t\t\t\t\t<\/div>\n\t\t\t\t\t\t<\/div>\n\t\t\t\t\t<\/div>\n\t\t","protected":false},"excerpt":{"rendered":"<p>Grupowe ubezpieczenie na \u017cycie to\u00a0mo\u017cliwo\u015b\u0107 finansowego wsparcia\u00a0pracownik\u00f3w w r\u00f3\u017cnych sytuacjach \u017cyciowych takich, jak np.\u00a0wypadek, choroba, pobyt w szpitalu, operacja czy narodziny dziecka\u00a0(w zale\u017cno\u015bci od wybranego wariantu ubezpieczenia i um\u00f3w dodatkowych). Polisa stanowi tak\u017ce\u00a0zabezpieczenie finansowe cz\u0142onk\u00f3w rodziny na wypadek \u015bmierci\u00a0ubezpieczonego. 100 Wsparcia podczas wypadku 100 Wsparcia podczas choroby 100 Wsparcia podczas pobytu w szpitalu &#8222;Tw\u00f3j strach [&hellip;]<\/p>\n","protected":false},"author":1,"featured_media":0,"parent":868,"menu_order":0,"comment_status":"closed","ping_status":"closed","template":"","meta":[],"_links":{"self":[{"href":"https:\/\/legionowoubezpieczenia.pl\/index.php\/wp-json\/wp\/v2\/pages\/3034"}],"collection":[{"href":"https:\/\/legionowoubezpieczenia.pl\/index.php\/wp-json\/wp\/v2\/pages"}],"about":[{"href":"https:\/\/legionowoubezpieczenia.pl\/index.php\/wp-json\/wp\/v2\/types\/page"}],"author":[{"embeddable":true,"href":"https:\/\/legionowoubezpieczenia.pl\/index.php\/wp-json\/wp\/v2\/users\/1"}],"replies":[{"embeddable":true,"href":"https:\/\/legionowoubezpieczenia.pl\/index.php\/wp-json\/wp\/v2\/comments?post=3034"}],"version-history":[{"count":10,"href":"https:\/\/legionowoubezpieczenia.pl\/index.php\/wp-json\/wp\/v2\/pages\/3034\/revisions"}],"predecessor-version":[{"id":3421,"href":"https:\/\/legionowoubezpieczenia.pl\/index.php\/wp-json\/wp\/v2\/pages\/3034\/revisions\/3421"}],"up":[{"embeddable":true,"href":"https:\/\/legionowoubezpieczenia.pl\/index.php\/wp-json\/wp\/v2\/pages\/868"}],"wp:attachment":[{"href":"https:\/\/legionowoubezpieczenia.pl\/index.php\/wp-json\/wp\/v2\/media?parent=3034"}],"curies":[{"name":"wp","href":"https:\/\/api.w.org\/{rel}","templated":true}]}}