{"id":2768,"date":"2021-01-21T12:29:35","date_gmt":"2021-01-21T12:29:35","guid":{"rendered":"https:\/\/legionowoubezpieczenia.pl\/?page_id=2768"},"modified":"2021-02-10T20:57:35","modified_gmt":"2021-02-10T20:57:35","slug":"klienci-biznesowi","status":"publish","type":"page","link":"https:\/\/legionowoubezpieczenia.pl\/index.php\/klienci-biznesowi\/","title":{"rendered":"KLIENCI BIZNESOWI"},"content":{"rendered":"\t\t<div data-elementor-type=\"wp-page\" data-elementor-id=\"2768\" class=\"elementor elementor-2768\" data-elementor-settings=\"[]\">\n\t\t\t\t\t\t<div class=\"elementor-inner\">\n\t\t\t\t\t\t\t<div class=\"elementor-section-wrap\">\n\t\t\t\t\t\t\t<section class=\"elementor-section elementor-top-section elementor-element elementor-element-d5a76aa elementor-section-boxed elementor-section-height-default elementor-section-height-default\" data-id=\"d5a76aa\" data-element_type=\"section\">\n\t\t\t\t\t\t<div class=\"elementor-container elementor-column-gap-default\">\n\t\t\t\t\t\t\t<div class=\"elementor-row\">\n\t\t\t\t\t<div class=\"elementor-column elementor-col-100 elementor-top-column elementor-element elementor-element-234f86e ot-flex-column-vertical\" data-id=\"234f86e\" data-element_type=\"column\">\n\t\t\t<div class=\"elementor-column-wrap elementor-element-populated\">\n\t\t\t\t\t\t\t<div class=\"elementor-widget-wrap\">\n\t\t\t\t\t\t<section class=\"elementor-section elementor-inner-section elementor-element elementor-element-1cf82f6 elementor-section-full_width elementor-section-height-default elementor-section-height-default\" data-id=\"1cf82f6\" data-element_type=\"section\">\n\t\t\t\t\t\t<div class=\"elementor-container elementor-column-gap-default\">\n\t\t\t\t\t\t\t<div class=\"elementor-row\">\n\t\t\t\t\t<div class=\"elementor-column elementor-col-33 elementor-inner-column elementor-element elementor-element-ce2318b ot-flex-column-vertical\" data-id=\"ce2318b\" data-element_type=\"column\">\n\t\t\t<div class=\"elementor-column-wrap\">\n\t\t\t\t\t\t\t<div class=\"elementor-widget-wrap\">\n\t\t\t\t\t\t\t\t<\/div>\n\t\t\t\t\t<\/div>\n\t\t<\/div>\n\t\t\t\t<div class=\"elementor-column elementor-col-33 elementor-inner-column elementor-element elementor-element-5510dd0 ot-flex-column-vertical\" data-id=\"5510dd0\" data-element_type=\"column\">\n\t\t\t<div class=\"elementor-column-wrap elementor-element-populated\">\n\t\t\t\t\t\t\t<div class=\"elementor-widget-wrap\">\n\t\t\t\t\t\t<div class=\"elementor-element elementor-element-ef1670e elementor-widget elementor-widget-iheading\" data-id=\"ef1670e\" data-element_type=\"widget\" data-widget_type=\"iheading.default\">\n\t\t\t\t<div class=\"elementor-widget-container\">\n\t\t\t\t\t<div class=\"ot-heading\">\r\n\t        <span class=\"\">Poznaj ofert\u0119 <\/span>\t        <h3 class=\"main-head\">Dla klient\u00f3w<br> biznesowych<\/h3>\t    <\/div>\r\n\t    \t\t<\/div>\n\t\t\t\t<\/div>\n\t\t\t\t\t\t<\/div>\n\t\t\t\t\t<\/div>\n\t\t<\/div>\n\t\t\t\t<div class=\"elementor-column elementor-col-33 elementor-inner-column elementor-element elementor-element-9a1cf24 ot-flex-column-vertical\" data-id=\"9a1cf24\" data-element_type=\"column\">\n\t\t\t<div class=\"elementor-column-wrap\">\n\t\t\t\t\t\t\t<div class=\"elementor-widget-wrap\">\n\t\t\t\t\t\t\t\t<\/div>\n\t\t\t\t\t<\/div>\n\t\t<\/div>\n\t\t\t\t\t\t\t\t<\/div>\n\t\t\t\t\t<\/div>\n\t\t<\/section>\n\t\t\t\t<section class=\"elementor-section elementor-inner-section elementor-element elementor-element-a342583 elementor-section-full_width elementor-section-height-default elementor-section-height-default\" data-id=\"a342583\" data-element_type=\"section\" data-settings=\"{&quot;background_background&quot;:&quot;classic&quot;}\">\n\t\t\t\t\t\t<div class=\"elementor-container elementor-column-gap-extended\">\n\t\t\t\t\t\t\t<div class=\"elementor-row\">\n\t\t\t\t\t<div class=\"elementor-column elementor-col-33 elementor-inner-column elementor-element elementor-element-4685821 elementor-hidden-tablet elementor-hidden-phone ot-flex-column-vertical\" data-id=\"4685821\" data-element_type=\"column\">\n\t\t\t<div class=\"elementor-column-wrap elementor-element-populated\">\n\t\t\t\t\t\t\t<div class=\"elementor-widget-wrap\">\n\t\t\t\t\t\t<div class=\"elementor-element elementor-element-34b430f bline-yes hover-dark-yes elementor-widget elementor-widget-iiconbox1\" data-id=\"34b430f\" data-element_type=\"widget\" data-widget_type=\"iiconbox1.default\">\n\t\t\t\t<div class=\"elementor-widget-container\">\n\t\t\t\t\t<div class=\"icon-box icon-box-1\">\r\n\t\t\t<div class=\"icon-main\">\r\n\t\t\t\t<span class=\"circle-animate\"><\/span>\r\n\t\t    \t<i aria-hidden=\"true\" class=\"fas fa-school\"><\/i>\t        <\/div>\r\n\t        <div class=\"content-box\">\r\n\t\t\t\t<h5 class=\"title-box\"><a href=\"https:\/\/legionowoubezpieczenia.pl\/index.php\/our-services\/ubezpieczenia-placowek-oswiatowych\/\">Ubezpieczenia plac\u00f3wek o\u015bwiatowych<\/a><\/h5>\t\t\t\t\t\t\t<\/div>\r\n\t\t\t<div class=\"link-box\">\r\n        \t\t\t<a href=\"https:\/\/legionowoubezpieczenia.pl\/index.php\/our-services\/ubezpieczenia-placowek-oswiatowych\/\"class=\"link-details\"><i class=\"ot-flaticon-trajectory\"><\/i> CZYTAJ WI\u0118CEJ<\/a>\r\n        \t\t<\/div>\t\r\n\t    <\/div>\r\n\t    \t\t<\/div>\n\t\t\t\t<\/div>\n\t\t\t\t\t\t<\/div>\n\t\t\t\t\t<\/div>\n\t\t<\/div>\n\t\t\t\t<div class=\"elementor-column elementor-col-33 elementor-inner-column elementor-element elementor-element-793fbd6 ot-flex-column-vertical\" data-id=\"793fbd6\" data-element_type=\"column\">\n\t\t\t<div class=\"elementor-column-wrap elementor-element-populated\">\n\t\t\t\t\t\t\t<div class=\"elementor-widget-wrap\">\n\t\t\t\t\t\t<div class=\"elementor-element elementor-element-ed2b68f bline-yes hover-dark-yes elementor-widget elementor-widget-iiconbox1\" data-id=\"ed2b68f\" data-element_type=\"widget\" data-widget_type=\"iiconbox1.default\">\n\t\t\t\t<div class=\"elementor-widget-container\">\n\t\t\t\t\t<div class=\"icon-box icon-box-1\">\r\n\t\t\t<div class=\"icon-main\">\r\n\t\t\t\t<span class=\"circle-animate\"><\/span>\r\n\t\t    \t<i aria-hidden=\"true\" class=\"fas fa-building\"><\/i>\t        <\/div>\r\n\t        <div class=\"content-box\">\r\n\t\t\t\t<h5 class=\"title-box\"><a href=\"https:\/\/legionowoubezpieczenia.pl\/index.php\/our-services\/ubezpieczenie-wspolnot-mieszkaniowych\/\">Ubezpieczenie wsp\u00f3lnot mieszkaniowych<\/a><\/h5>\t\t\t\t\t\t\t<\/div>\r\n\t\t\t<div class=\"link-box\">\r\n        \t\t\t<a href=\"https:\/\/legionowoubezpieczenia.pl\/index.php\/our-services\/ubezpieczenie-wspolnot-mieszkaniowych\/\"class=\"link-details\"><i class=\"ot-flaticon-trajectory\"><\/i> Czytaj wi\u0119cej<\/a>\r\n        \t\t<\/div>\t\r\n\t    <\/div>\r\n\t    \t\t<\/div>\n\t\t\t\t<\/div>\n\t\t\t\t\t\t<\/div>\n\t\t\t\t\t<\/div>\n\t\t<\/div>\n\t\t\t\t<div class=\"elementor-column elementor-col-33 elementor-inner-column elementor-element elementor-element-58be6ce ot-flex-column-vertical\" data-id=\"58be6ce\" data-element_type=\"column\">\n\t\t\t<div class=\"elementor-column-wrap elementor-element-populated\">\n\t\t\t\t\t\t\t<div class=\"elementor-widget-wrap\">\n\t\t\t\t\t\t<div class=\"elementor-element elementor-element-798624b bline-yes hover-dark-yes elementor-widget elementor-widget-iiconbox1\" data-id=\"798624b\" data-element_type=\"widget\" data-widget_type=\"iiconbox1.default\">\n\t\t\t\t<div class=\"elementor-widget-container\">\n\t\t\t\t\t<div class=\"icon-box icon-box-1\">\r\n\t\t\t<div class=\"icon-main\">\r\n\t\t\t\t<span class=\"circle-animate\"><\/span>\r\n\t\t    \t<svg xmlns=\"http:\/\/www.w3.org\/2000\/svg\" xmlns:xlink=\"http:\/\/www.w3.org\/1999\/xlink\" id=\"Layer_1\" x=\"0px\" y=\"0px\" viewBox=\"0 0 512 512\" style=\"enable-background:new 0 0 512 512;\" xml:space=\"preserve\">\n<g>\n\t<g>\n\t\t<path d=\"M317.5,25.324H195.706c-18.813,0-34.118,15.305-34.118,34.117v15.677c0,5.523,4.477,10,10,10s10-4.477,10-10V59.441    c0-7.784,6.333-14.117,14.118-14.117H317.5c7.785,0,14.118,6.333,14.118,14.117v15.677c0,5.523,4.477,10,10,10s10-4.477,10-10    V59.441C351.618,40.628,336.313,25.324,317.5,25.324z\"><\/path>\n\t<\/g>\n<\/g>\n<g>\n\t<g>\n\t\t<path d=\"M463.178,106.118H48.822C21.901,106.118,0,128.019,0,154.94v88.801c0,4.433,2.919,8.337,7.171,9.592l6.093,1.797v209.488    c0,12.163,9.896,22.059,22.059,22.059h441.353c12.164,0,22.059-9.896,22.059-22.059V256.603l6.039-1.744    c4.279-1.236,7.226-5.153,7.226-9.607V154.94C512,128.019,490.099,106.118,463.178,106.118z M89.235,466.676H35.323    c-1.135,0-2.058-0.923-2.058-2.058v-53.912h28.76c15.004,0,27.21,12.207,27.21,27.21V466.676z M478.734,464.618    c0.001,1.135-0.922,2.058-2.058,2.058h-53.912v-28.76c0-15.004,12.207-27.21,27.21-27.21h28.76V464.618z M478.736,390.706h-0.001    h-28.76c-26.032,0-47.21,21.179-47.21,47.21v28.76h-293.53v-28.76c0-26.032-21.179-47.21-47.21-47.21h-28.76V261.029    L209.824,313.1v32.135c0,5.523,4.477,10,10,10h72.353c5.523,0,10-4.477,10-10v-31.868l176.559-50.988V390.706z M229.823,335.235    v-29.707c0-0.028,0-0.056,0-0.083V286.5h52.353v48.735H229.823z M492,237.731L302.176,292.55V276.5c0-5.523-4.477-10-10-10    h-72.353c-5.523,0-10,4.477-10,10v15.75L20,236.265V154.94c0-15.893,12.93-28.822,28.822-28.822h40.413v34.618    c0,5.523,4.477,10,10,10s10-4.477,10-10v-34.618h289.912v34.618c0,5.523,4.477,10,10,10s10-4.477,10-10v-34.618h44.031    c15.893,0,28.822,12.93,28.822,28.822V237.731z\"><\/path>\n\t<\/g>\n<\/g>\n<g>\n\t<g>\n\t\t<circle cx=\"409.15\" cy=\"199.32\" r=\"10\"><\/circle>\n\t<\/g>\n<\/g>\n<g>\n\t<g>\n\t\t<circle cx=\"99.23\" cy=\"199.32\" r=\"10\"><\/circle>\n\t<\/g>\n<\/g>\n<\/svg>\t        <\/div>\r\n\t        <div class=\"content-box\">\r\n\t\t\t\t<h5 class=\"title-box\"><a href=\"https:\/\/legionowoubezpieczenia.pl\/index.php\/our-services\/ubezpieczenia-odpowiedzialnosci-cywilnej\/\">Ubezpieczenia odpowiedzialno\u015bci cywilnej  <\/a><\/h5>\t\t\t\t\t\t\t<\/div>\r\n\t\t\t<div class=\"link-box\">\r\n        \t\t\t<a href=\"https:\/\/legionowoubezpieczenia.pl\/index.php\/our-services\/ubezpieczenia-odpowiedzialnosci-cywilnej\/\"class=\"link-details\"><i class=\"ot-flaticon-trajectory\"><\/i> Czytaj wi\u0119cej<\/a>\r\n        \t\t<\/div>\t\r\n\t    <\/div>\r\n\t    \t\t<\/div>\n\t\t\t\t<\/div>\n\t\t\t\t\t\t<\/div>\n\t\t\t\t\t<\/div>\n\t\t<\/div>\n\t\t\t\t\t\t\t\t<\/div>\n\t\t\t\t\t<\/div>\n\t\t<\/section>\n\t\t\t\t<section class=\"elementor-section elementor-inner-section elementor-element elementor-element-df1494b elementor-section-full_width elementor-section-height-default elementor-section-height-default\" data-id=\"df1494b\" data-element_type=\"section\" data-settings=\"{&quot;background_background&quot;:&quot;classic&quot;}\">\n\t\t\t\t\t\t<div class=\"elementor-container elementor-column-gap-extended\">\n\t\t\t\t\t\t\t<div class=\"elementor-row\">\n\t\t\t\t\t<div class=\"elementor-column elementor-col-33 elementor-inner-column elementor-element elementor-element-5230f6c elementor-hidden-tablet elementor-hidden-phone ot-flex-column-vertical\" data-id=\"5230f6c\" data-element_type=\"column\">\n\t\t\t<div class=\"elementor-column-wrap elementor-element-populated\">\n\t\t\t\t\t\t\t<div class=\"elementor-widget-wrap\">\n\t\t\t\t\t\t<div class=\"elementor-element elementor-element-0557e11 bline-yes hover-dark-yes elementor-widget elementor-widget-iiconbox1\" data-id=\"0557e11\" data-element_type=\"widget\" data-widget_type=\"iiconbox1.default\">\n\t\t\t\t<div class=\"elementor-widget-container\">\n\t\t\t\t\t<div class=\"icon-box icon-box-1\">\r\n\t\t\t<div class=\"icon-main\">\r\n\t\t\t\t<span class=\"circle-animate\"><\/span>\r\n\t\t    \t<i aria-hidden=\"true\" class=\"fas fa-snowplow\"><\/i>\t        <\/div>\r\n\t        <div class=\"content-box\">\r\n\t\t\t\t<h5 class=\"title-box\"><a href=\"https:\/\/legionowoubezpieczenia.pl\/index.php\/our-services\/ubezpieczenie-budowlano-montazowe\/\">Ubezpieczenie budowlano \u2013 monta\u017cowe  <\/a><\/h5>\t\t\t\t\t\t\t<\/div>\r\n\t\t\t<div class=\"link-box\">\r\n        \t\t\t<a href=\"https:\/\/legionowoubezpieczenia.pl\/index.php\/our-services\/ubezpieczenie-budowlano-montazowe\/\"class=\"link-details\"><i class=\"ot-flaticon-trajectory\"><\/i> Czytaj wi\u0119cej<\/a>\r\n        \t\t<\/div>\t\r\n\t    <\/div>\r\n\t    \t\t<\/div>\n\t\t\t\t<\/div>\n\t\t\t\t\t\t<\/div>\n\t\t\t\t\t<\/div>\n\t\t<\/div>\n\t\t\t\t<div class=\"elementor-column elementor-col-33 elementor-inner-column elementor-element elementor-element-bbc0efd ot-flex-column-vertical\" data-id=\"bbc0efd\" data-element_type=\"column\">\n\t\t\t<div class=\"elementor-column-wrap elementor-element-populated\">\n\t\t\t\t\t\t\t<div class=\"elementor-widget-wrap\">\n\t\t\t\t\t\t<div class=\"elementor-element elementor-element-2793313 bline-yes hover-dark-yes elementor-widget elementor-widget-iiconbox1\" data-id=\"2793313\" data-element_type=\"widget\" data-widget_type=\"iiconbox1.default\">\n\t\t\t\t<div class=\"elementor-widget-container\">\n\t\t\t\t\t<div class=\"icon-box icon-box-1\">\r\n\t\t\t<div class=\"icon-main\">\r\n\t\t\t\t<span class=\"circle-animate\"><\/span>\r\n\t\t    \t<i aria-hidden=\"true\" class=\"fas fa-suitcase\"><\/i>\t        <\/div>\r\n\t        <div class=\"content-box\">\r\n\t\t\t\t<h5 class=\"title-box\"><a href=\"https:\/\/legionowoubezpieczenia.pl\/index.php\/our-services\/ochrona-prawna\/\">Ochrona prawna<br>\n<br> \n<\/a><\/h5>\t\t\t\t\t\t\t<\/div>\r\n\t\t\t<div class=\"link-box\">\r\n        \t\t\t<a href=\"https:\/\/legionowoubezpieczenia.pl\/index.php\/our-services\/ochrona-prawna\/\"class=\"link-details\"><i class=\"ot-flaticon-trajectory\"><\/i> Czytaj wi\u0119cej<\/a>\r\n        \t\t<\/div>\t\r\n\t    <\/div>\r\n\t    \t\t<\/div>\n\t\t\t\t<\/div>\n\t\t\t\t\t\t<\/div>\n\t\t\t\t\t<\/div>\n\t\t<\/div>\n\t\t\t\t<div class=\"elementor-column elementor-col-33 elementor-inner-column elementor-element elementor-element-1337b71 ot-flex-column-vertical\" data-id=\"1337b71\" data-element_type=\"column\">\n\t\t\t<div class=\"elementor-column-wrap elementor-element-populated\">\n\t\t\t\t\t\t\t<div class=\"elementor-widget-wrap\">\n\t\t\t\t\t\t<div class=\"elementor-element elementor-element-95afb34 bline-yes hover-dark-yes elementor-widget elementor-widget-iiconbox1\" data-id=\"95afb34\" data-element_type=\"widget\" data-widget_type=\"iiconbox1.default\">\n\t\t\t\t<div class=\"elementor-widget-container\">\n\t\t\t\t\t<div class=\"icon-box icon-box-1\">\r\n\t\t\t<div class=\"icon-main\">\r\n\t\t\t\t<span class=\"circle-animate\"><\/span>\r\n\t\t    \t<i aria-hidden=\"true\" class=\"fas fa-tree\"><\/i>\t        <\/div>\r\n\t        <div class=\"content-box\">\r\n\t\t\t\t<h5 class=\"title-box\"><a href=\"https:\/\/legionowoubezpieczenia.pl\/index.php\/our-services\/grupowe-ubezpieczenie-na-zycie\/\">Grupowe ubezpieczenie na \u017cycie<\/a><\/h5>\t\t\t\t\t\t\t<\/div>\r\n\t\t\t<div class=\"link-box\">\r\n        \t\t\t<a href=\"https:\/\/legionowoubezpieczenia.pl\/index.php\/our-services\/grupowe-ubezpieczenie-na-zycie\/\"class=\"link-details\"><i class=\"ot-flaticon-trajectory\"><\/i> Czytaj wi\u0119cej<\/a>\r\n        \t\t<\/div>\t\r\n\t    <\/div>\r\n\t    \t\t<\/div>\n\t\t\t\t<\/div>\n\t\t\t\t\t\t<\/div>\n\t\t\t\t\t<\/div>\n\t\t<\/div>\n\t\t\t\t\t\t\t\t<\/div>\n\t\t\t\t\t<\/div>\n\t\t<\/section>\n\t\t\t\t<section class=\"elementor-section elementor-inner-section elementor-element elementor-element-a56d69a elementor-section-full_width elementor-section-height-default elementor-section-height-default\" data-id=\"a56d69a\" data-element_type=\"section\" data-settings=\"{&quot;background_background&quot;:&quot;classic&quot;}\">\n\t\t\t\t\t\t<div class=\"elementor-container elementor-column-gap-extended\">\n\t\t\t\t\t\t\t<div class=\"elementor-row\">\n\t\t\t\t\t<div class=\"elementor-column elementor-col-50 elementor-inner-column elementor-element elementor-element-afc88f1 elementor-hidden-tablet elementor-hidden-phone ot-flex-column-vertical\" data-id=\"afc88f1\" data-element_type=\"column\">\n\t\t\t<div class=\"elementor-column-wrap elementor-element-populated\">\n\t\t\t\t\t\t\t<div class=\"elementor-widget-wrap\">\n\t\t\t\t\t\t<div class=\"elementor-element elementor-element-be22296 bline-yes hover-dark-yes elementor-widget elementor-widget-iiconbox1\" data-id=\"be22296\" data-element_type=\"widget\" data-widget_type=\"iiconbox1.default\">\n\t\t\t\t<div class=\"elementor-widget-container\">\n\t\t\t\t\t<div class=\"icon-box icon-box-1\">\r\n\t\t\t<div class=\"icon-main\">\r\n\t\t\t\t<span class=\"circle-animate\"><\/span>\r\n\t\t    \t<i aria-hidden=\"true\" class=\"fas fa-money-check-alt\"><\/i>\t        <\/div>\r\n\t        <div class=\"content-box\">\r\n\t\t\t\t<h5 class=\"title-box\"><a href=\"https:\/\/legionowoubezpieczenia.pl\/index.php\/nasza-oferta\/ubezpieczenia-majatkowe\/\">Ubezpieczenia maj\u0105tkowe<br>\n<br><\/a><\/h5>\t\t\t\t\t\t\t<\/div>\r\n\t\t\t<div class=\"link-box\">\r\n        \t\t\t<a href=\"https:\/\/legionowoubezpieczenia.pl\/index.php\/nasza-oferta\/ubezpieczenia-majatkowe\/\"class=\"link-details\"><i class=\"ot-flaticon-trajectory\"><\/i> Czytaj wi\u0119cej<\/a>\r\n        \t\t<\/div>\t\r\n\t    <\/div>\r\n\t    \t\t<\/div>\n\t\t\t\t<\/div>\n\t\t\t\t\t\t<\/div>\n\t\t\t\t\t<\/div>\n\t\t<\/div>\n\t\t\t\t<div class=\"elementor-column elementor-col-50 elementor-inner-column elementor-element elementor-element-1f673e1 ot-flex-column-vertical\" data-id=\"1f673e1\" data-element_type=\"column\">\n\t\t\t<div class=\"elementor-column-wrap elementor-element-populated\">\n\t\t\t\t\t\t\t<div class=\"elementor-widget-wrap\">\n\t\t\t\t\t\t<div class=\"elementor-element elementor-element-8c01ce5 bline-yes hover-dark-yes elementor-widget elementor-widget-iiconbox1\" data-id=\"8c01ce5\" data-element_type=\"widget\" data-widget_type=\"iiconbox1.default\">\n\t\t\t\t<div class=\"elementor-widget-container\">\n\t\t\t\t\t<div class=\"icon-box icon-box-1\">\r\n\t\t\t<div class=\"icon-main\">\r\n\t\t\t\t<span class=\"circle-animate\"><\/span>\r\n\t\t    \t<i aria-hidden=\"true\" class=\"fas fa-car\"><\/i>\t        <\/div>\r\n\t        <div class=\"content-box\">\r\n\t\t\t\t<h5 class=\"title-box\"><a href=\"https:\/\/legionowoubezpieczenia.pl\/index.php\/our-services\/ubezpieczenia-komunikacyjne-floty\/\">Ubezpieczenia komunikacyjne (floty)<br>\n<br><\/a><\/h5>\t\t\t\t\t\t\t<\/div>\r\n\t\t\t<div class=\"link-box\">\r\n        \t\t\t<a href=\"https:\/\/legionowoubezpieczenia.pl\/index.php\/our-services\/ubezpieczenia-komunikacyjne-floty\/\"class=\"link-details\"><i class=\"ot-flaticon-trajectory\"><\/i> Czytaj wi\u0119cej<\/a>\r\n        \t\t<\/div>\t\r\n\t    <\/div>\r\n\t    \t\t<\/div>\n\t\t\t\t<\/div>\n\t\t\t\t\t\t<\/div>\n\t\t\t\t\t<\/div>\n\t\t<\/div>\n\t\t\t\t\t\t\t\t<\/div>\n\t\t\t\t\t<\/div>\n\t\t<\/section>\n\t\t\t\t\t\t<\/div>\n\t\t\t\t\t<\/div>\n\t\t<\/div>\n\t\t\t\t\t\t\t\t<\/div>\n\t\t\t\t\t<\/div>\n\t\t<\/section>\n\t\t\t\t<section class=\"elementor-section elementor-top-section elementor-element elementor-element-dc04503 elementor-section-boxed elementor-section-height-default elementor-section-height-default\" data-id=\"dc04503\" data-element_type=\"section\" data-settings=\"{&quot;background_background&quot;:&quot;classic&quot;}\">\n\t\t\t\t\t\t<div class=\"elementor-container elementor-column-gap-default\">\n\t\t\t\t\t\t\t<div class=\"elementor-row\">\n\t\t\t\t\t<div class=\"elementor-column elementor-col-100 elementor-top-column elementor-element elementor-element-3cb066f ot-flex-column-vertical\" data-id=\"3cb066f\" data-element_type=\"column\">\n\t\t\t<div class=\"elementor-column-wrap elementor-element-populated\">\n\t\t\t\t\t\t\t<div class=\"elementor-widget-wrap\">\n\t\t\t\t\t\t<section class=\"elementor-section elementor-inner-section elementor-element elementor-element-3bffb05 elementor-section-content-middle elementor-section-boxed elementor-section-height-default elementor-section-height-default\" data-id=\"3bffb05\" data-element_type=\"section\" data-settings=\"{&quot;background_background&quot;:&quot;classic&quot;}\">\n\t\t\t\t\t\t<div class=\"elementor-container elementor-column-gap-default\">\n\t\t\t\t\t\t\t<div class=\"elementor-row\">\n\t\t\t\t\t<div class=\"elementor-column elementor-col-50 elementor-inner-column elementor-element elementor-element-dab11b4 ot-flex-column-vertical\" data-id=\"dab11b4\" data-element_type=\"column\">\n\t\t\t<div class=\"elementor-column-wrap elementor-element-populated\">\n\t\t\t\t\t\t\t<div class=\"elementor-widget-wrap\">\n\t\t\t\t\t\t<div class=\"elementor-element elementor-element-2f39639 elementor-widget elementor-widget-heading\" data-id=\"2f39639\" data-element_type=\"widget\" data-widget_type=\"heading.default\">\n\t\t\t\t<div class=\"elementor-widget-container\">\n\t\t\t<h4 class=\"elementor-heading-title elementor-size-default\">Skontaktuj si\u0119 <br> z nami!<\/h4>\t\t<\/div>\n\t\t\t\t<\/div>\n\t\t\t\t\t\t<\/div>\n\t\t\t\t\t<\/div>\n\t\t<\/div>\n\t\t\t\t<div class=\"elementor-column elementor-col-50 elementor-inner-column elementor-element elementor-element-f0f5c00 ot-flex-column-vertical\" data-id=\"f0f5c00\" data-element_type=\"column\">\n\t\t\t<div class=\"elementor-column-wrap elementor-element-populated\">\n\t\t\t\t\t\t\t<div class=\"elementor-widget-wrap\">\n\t\t\t\t\t\t<div class=\"elementor-element elementor-element-71cc9d5 elementor-widget elementor-widget-ictf7\" data-id=\"71cc9d5\" data-element_type=\"widget\" data-widget_type=\"ictf7.default\">\n\t\t\t\t<div class=\"elementor-widget-container\">\n\t\t\t<div class=\"elementor-shortcode maxbizz-cf7-0\"><div role=\"form\" class=\"wpcf7\" id=\"wpcf7-f741-o1\" lang=\"en-US\" dir=\"ltr\">\n<div class=\"screen-reader-response\"><p role=\"status\" aria-live=\"polite\" aria-atomic=\"true\"><\/p> <ul><\/ul><\/div>\n<form action=\"\/index.php\/wp-json\/wp\/v2\/pages\/2768#wpcf7-f741-o1\" method=\"post\" class=\"wpcf7-form init\" novalidate=\"novalidate\" data-status=\"init\">\n<div style=\"display: none;\">\n<input type=\"hidden\" name=\"_wpcf7\" value=\"741\" \/>\n<input type=\"hidden\" name=\"_wpcf7_version\" value=\"5.4\" \/>\n<input type=\"hidden\" name=\"_wpcf7_locale\" value=\"en_US\" \/>\n<input type=\"hidden\" name=\"_wpcf7_unit_tag\" value=\"wpcf7-f741-o1\" \/>\n<input type=\"hidden\" name=\"_wpcf7_container_post\" value=\"0\" \/>\n<input type=\"hidden\" name=\"_wpcf7_posted_data_hash\" value=\"\" \/>\n<\/div>\n<div class=\"team-form flex-middle\">\n<span class=\"wpcf7-form-control-wrap your-name\"><input type=\"text\" name=\"your-name\" value=\"\" size=\"40\" class=\"wpcf7-form-control wpcf7-text wpcf7-validates-as-required\" aria-required=\"true\" aria-invalid=\"false\" placeholder=\"Your Name *\" \/><\/span><br \/>\n<span class=\"wpcf7-form-control-wrap your-email\"><input type=\"email\" name=\"your-email\" value=\"\" size=\"40\" class=\"wpcf7-form-control wpcf7-text wpcf7-email wpcf7-validates-as-required wpcf7-validates-as-email\" aria-required=\"true\" aria-invalid=\"false\" placeholder=\"Your Email *\" \/><\/span><br \/>\n<button type=\"submit\" class=\"octf-btn\">Subscribe Now<\/button>\n<\/div>\n<input type='hidden' class='wpcf7-pum' value='{\"closepopup\":false,\"closedelay\":0,\"openpopup\":false,\"openpopup_id\":0}' \/><div class=\"wpcf7-response-output\" aria-hidden=\"true\"><\/div><\/form><\/div><\/div>\t\t<\/div>\n\t\t\t\t<\/div>\n\t\t\t\t\t\t<\/div>\n\t\t\t\t\t<\/div>\n\t\t<\/div>\n\t\t\t\t\t\t\t\t<\/div>\n\t\t\t\t\t<\/div>\n\t\t<\/section>\n\t\t\t\t\t\t<\/div>\n\t\t\t\t\t<\/div>\n\t\t<\/div>\n\t\t\t\t\t\t\t\t<\/div>\n\t\t\t\t\t<\/div>\n\t\t<\/section>\n\t\t\t\t\t\t<\/div>\n\t\t\t\t\t\t<\/div>\n\t\t\t\t\t<\/div>\n\t\t","protected":false},"excerpt":{"rendered":"<p>Poznaj ofert\u0119 Dla klient\u00f3w biznesowych Ubezpieczenia plac\u00f3wek o\u015bwiatowych CZYTAJ WI\u0118CEJ Ubezpieczenie wsp\u00f3lnot mieszkaniowych Czytaj wi\u0119cej Ubezpieczenia odpowiedzialno\u015bci cywilnej Czytaj wi\u0119cej Ubezpieczenie budowlano \u2013 monta\u017cowe Czytaj wi\u0119cej Ochrona prawna Czytaj wi\u0119cej Grupowe ubezpieczenie na \u017cycie Czytaj wi\u0119cej Ubezpieczenia maj\u0105tkowe Czytaj wi\u0119cej Ubezpieczenia komunikacyjne (floty) Czytaj wi\u0119cej Skontaktuj si\u0119 z nami! Subscribe Now<\/p>\n","protected":false},"author":1,"featured_media":0,"parent":0,"menu_order":0,"comment_status":"closed","ping_status":"closed","template":"","meta":[],"_links":{"self":[{"href":"https:\/\/legionowoubezpieczenia.pl\/index.php\/wp-json\/wp\/v2\/pages\/2768"}],"collection":[{"href":"https:\/\/legionowoubezpieczenia.pl\/index.php\/wp-json\/wp\/v2\/pages"}],"about":[{"href":"https:\/\/legionowoubezpieczenia.pl\/index.php\/wp-json\/wp\/v2\/types\/page"}],"author":[{"embeddable":true,"href":"https:\/\/legionowoubezpieczenia.pl\/index.php\/wp-json\/wp\/v2\/users\/1"}],"replies":[{"embeddable":true,"href":"https:\/\/legionowoubezpieczenia.pl\/index.php\/wp-json\/wp\/v2\/comments?post=2768"}],"version-history":[{"count":41,"href":"https:\/\/legionowoubezpieczenia.pl\/index.php\/wp-json\/wp\/v2\/pages\/2768\/revisions"}],"predecessor-version":[{"id":3466,"href":"https:\/\/legionowoubezpieczenia.pl\/index.php\/wp-json\/wp\/v2\/pages\/2768\/revisions\/3466"}],"wp:attachment":[{"href":"https:\/\/legionowoubezpieczenia.pl\/index.php\/wp-json\/wp\/v2\/media?parent=2768"}],"curies":[{"name":"wp","href":"https:\/\/api.w.org\/{rel}","templated":true}]}}