{"id":1002,"date":"2020-09-22T02:55:25","date_gmt":"2020-09-22T02:55:25","guid":{"rendered":"http:\/\/wpdemo.archiwp.com\/maxbizz\/?page_id=1002"},"modified":"2021-02-10T20:54:28","modified_gmt":"2021-02-10T20:54:28","slug":"ubezpieczenia-placowek-oswiatowych","status":"publish","type":"page","link":"https:\/\/legionowoubezpieczenia.pl\/index.php\/nasza-oferta\/ubezpieczenia-placowek-oswiatowych\/","title":{"rendered":"Ubezpieczenia plac\u00f3wek o\u015bwiatowych"},"content":{"rendered":"\t\t<div data-elementor-type=\"wp-page\" data-elementor-id=\"1002\" class=\"elementor elementor-1002\" data-elementor-settings=\"[]\">\n\t\t\t\t\t\t<div class=\"elementor-inner\">\n\t\t\t\t\t\t\t<div class=\"elementor-section-wrap\">\n\t\t\t\t\t\t\t<section class=\"elementor-section elementor-top-section elementor-element elementor-element-2784cf1 elementor-reverse-tablet elementor-reverse-mobile elementor-section-boxed elementor-section-height-default elementor-section-height-default\" data-id=\"2784cf1\" data-element_type=\"section\">\n\t\t\t\t\t\t<div class=\"elementor-container elementor-column-gap-extended\">\n\t\t\t\t\t\t\t<div class=\"elementor-row\">\n\t\t\t\t\t<div class=\"elementor-column elementor-col-100 elementor-top-column elementor-element elementor-element-6b0b1f4 ot-flex-column-vertical\" data-id=\"6b0b1f4\" data-element_type=\"column\">\n\t\t\t<div class=\"elementor-column-wrap elementor-element-populated\">\n\t\t\t\t\t\t\t<div class=\"elementor-widget-wrap\">\n\t\t\t\t\t\t<div class=\"elementor-element elementor-element-fa0c07e elementor-widget elementor-widget-heading\" data-id=\"fa0c07e\" data-element_type=\"widget\" data-widget_type=\"heading.default\">\n\t\t\t\t<div class=\"elementor-widget-container\">\n\t\t\t<h3 class=\"elementor-heading-title elementor-size-default\">Ubezpieczenia plac\u00f3wek o\u015bwiatowych<\/h3>\t\t<\/div>\n\t\t\t\t<\/div>\n\t\t\t\t<div class=\"elementor-element elementor-element-508a439 elementor-widget elementor-widget-text-editor\" data-id=\"508a439\" data-element_type=\"widget\" data-widget_type=\"text-editor.default\">\n\t\t\t\t<div class=\"elementor-widget-container\">\n\t\t\t\t\t<div class=\"elementor-text-editor elementor-clearfix\"><h5>Ochrona ubezpieczeniowa obejmuje odpowiedzialno\u015b\u0107 cywiln\u0105 Ubezpieczaj\u0105cego, w zwi\u0105zku z wykonywaniem zada\u0144 dydaktycznych, wychowawczych, opieku\u0144czych i pomocniczych zwi\u0105zanych z procesem nauczania i wychowania<\/h5><\/div>\n\t\t\t\t<\/div>\n\t\t\t\t<\/div>\n\t\t\t\t<div class=\"elementor-element elementor-element-6191f05 elementor-widget elementor-widget-image\" data-id=\"6191f05\" data-element_type=\"widget\" data-widget_type=\"image.default\">\n\t\t\t\t<div class=\"elementor-widget-container\">\n\t\t\t\t\t<div class=\"elementor-image\">\n\t\t\t\t\t\t\t\t\t\t<img width=\"768\" height=\"508\" src=\"https:\/\/legionowoubezpieczenia.pl\/wp-content\/uploads\/2021\/01\/young-man-writing-on-blackboard-PU45FHT-768x508.jpg\" class=\"attachment-medium_large size-medium_large\" alt=\"\" loading=\"lazy\" srcset=\"https:\/\/legionowoubezpieczenia.pl\/wp-content\/uploads\/2021\/01\/young-man-writing-on-blackboard-PU45FHT-768x508.jpg 768w, https:\/\/legionowoubezpieczenia.pl\/wp-content\/uploads\/2021\/01\/young-man-writing-on-blackboard-PU45FHT-300x199.jpg 300w, https:\/\/legionowoubezpieczenia.pl\/wp-content\/uploads\/2021\/01\/young-man-writing-on-blackboard-PU45FHT.jpg 870w\" sizes=\"(max-width: 768px) 100vw, 768px\" \/>\t\t\t\t\t\t\t\t\t\t\t<\/div>\n\t\t\t\t<\/div>\n\t\t\t\t<\/div>\n\t\t\t\t<section class=\"elementor-section elementor-inner-section elementor-element elementor-element-3808452 elementor-section-full_width elementor-section-height-default elementor-section-height-default\" data-id=\"3808452\" data-element_type=\"section\">\n\t\t\t\t\t\t<div class=\"elementor-container elementor-column-gap-extended\">\n\t\t\t\t\t\t\t<div class=\"elementor-row\">\n\t\t\t\t\t<div class=\"elementor-column elementor-col-33 elementor-inner-column elementor-element elementor-element-2deb288 ot-flex-column-vertical\" data-id=\"2deb288\" data-element_type=\"column\">\n\t\t\t<div class=\"elementor-column-wrap elementor-element-populated\">\n\t\t\t\t\t\t\t<div class=\"elementor-widget-wrap\">\n\t\t\t\t\t\t<div class=\"elementor-element elementor-element-aed5597 elementor-widget elementor-widget-iprogress\" data-id=\"aed5597\" data-element_type=\"widget\" data-widget_type=\"iprogress.default\">\n\t\t\t\t<div class=\"elementor-widget-container\">\n\t\t\t\r\n\t\t\t\t<div class=\"circle-progress\" data-color=\"#52C5B6\" data-height=\"4\" data-size=\"160\">\r\n\t\t\t<div class=\"inner-bar\" data-percent=\"100\">\r\n\t\t\t\t<span>\r\n\t\t\t\t\t<span class=\"percent\">100<\/span>\t\t\t\t<\/span>\r\n\t\t\t<\/div>\r\n\t\t\t<h6>Zadania dydaktyczne<\/h6>\t\t<\/div>\r\n\t\t\r\n\t    \t\t<\/div>\n\t\t\t\t<\/div>\n\t\t\t\t\t\t<\/div>\n\t\t\t\t\t<\/div>\n\t\t<\/div>\n\t\t\t\t<div class=\"elementor-column elementor-col-33 elementor-inner-column elementor-element elementor-element-18feed3 ot-flex-column-vertical\" data-id=\"18feed3\" data-element_type=\"column\">\n\t\t\t<div class=\"elementor-column-wrap elementor-element-populated\">\n\t\t\t\t\t\t\t<div class=\"elementor-widget-wrap\">\n\t\t\t\t\t\t<div class=\"elementor-element elementor-element-2687052 elementor-widget elementor-widget-iprogress\" data-id=\"2687052\" data-element_type=\"widget\" data-widget_type=\"iprogress.default\">\n\t\t\t\t<div class=\"elementor-widget-container\">\n\t\t\t\r\n\t\t\t\t<div class=\"circle-progress\" data-color=\"#52C5B6\" data-height=\"4\" data-size=\"160\">\r\n\t\t\t<div class=\"inner-bar\" data-percent=\"100\">\r\n\t\t\t\t<span>\r\n\t\t\t\t\t<span class=\"percent\">100<\/span>\t\t\t\t<\/span>\r\n\t\t\t<\/div>\r\n\t\t\t<h6>Zadania wychowawcze\n<\/h6>\t\t<\/div>\r\n\t\t\r\n\t    \t\t<\/div>\n\t\t\t\t<\/div>\n\t\t\t\t\t\t<\/div>\n\t\t\t\t\t<\/div>\n\t\t<\/div>\n\t\t\t\t<div class=\"elementor-column elementor-col-33 elementor-inner-column elementor-element elementor-element-0b9de86 ot-flex-column-vertical\" data-id=\"0b9de86\" data-element_type=\"column\">\n\t\t\t<div class=\"elementor-column-wrap elementor-element-populated\">\n\t\t\t\t\t\t\t<div class=\"elementor-widget-wrap\">\n\t\t\t\t\t\t<div class=\"elementor-element elementor-element-75d682b elementor-widget elementor-widget-iprogress\" data-id=\"75d682b\" data-element_type=\"widget\" data-widget_type=\"iprogress.default\">\n\t\t\t\t<div class=\"elementor-widget-container\">\n\t\t\t\r\n\t\t\t\t<div class=\"circle-progress\" data-color=\"#52C5B6\" data-height=\"4\" data-size=\"160\">\r\n\t\t\t<div class=\"inner-bar\" data-percent=\"100\">\r\n\t\t\t\t<span>\r\n\t\t\t\t\t<span class=\"percent\">100<\/span>\t\t\t\t<\/span>\r\n\t\t\t<\/div>\r\n\t\t\t<h6>Zadania zwi\u0105zanie z procesem nauczania i wychowania<\/h6>\t\t<\/div>\r\n\t\t\r\n\t    \t\t<\/div>\n\t\t\t\t<\/div>\n\t\t\t\t\t\t<\/div>\n\t\t\t\t\t<\/div>\n\t\t<\/div>\n\t\t\t\t\t\t\t\t<\/div>\n\t\t\t\t\t<\/div>\n\t\t<\/section>\n\t\t\t\t<section class=\"elementor-section elementor-inner-section elementor-element elementor-element-3cf7ecd elementor-section-full_width elementor-section-height-default elementor-section-height-default\" data-id=\"3cf7ecd\" data-element_type=\"section\" data-settings=\"{&quot;background_background&quot;:&quot;classic&quot;}\">\n\t\t\t\t\t\t<div class=\"elementor-container elementor-column-gap-extended\">\n\t\t\t\t\t\t\t<div class=\"elementor-row\">\n\t\t\t\t\t<div class=\"elementor-column elementor-col-100 elementor-inner-column elementor-element elementor-element-fc883e9 ot-flex-column-vertical\" data-id=\"fc883e9\" data-element_type=\"column\">\n\t\t\t<div class=\"elementor-column-wrap elementor-element-populated\">\n\t\t\t\t\t\t\t<div class=\"elementor-widget-wrap\">\n\t\t\t\t\t\t<div class=\"elementor-element elementor-element-42bd250 elementor-widget elementor-widget-text-editor\" data-id=\"42bd250\" data-element_type=\"widget\" data-widget_type=\"text-editor.default\">\n\t\t\t\t<div class=\"elementor-widget-container\">\n\t\t\t\t\t<div class=\"elementor-text-editor elementor-clearfix\"><blockquote><h1 class=\"entry-title\">&#8222;Dobra szko\u0142a nie produkuje geniuszy, tylko zdrowe spo\u0142ecze\u0144stwo.&#8221;<\/h1><p><cite>~ Piotr Szreniewski<\/cite><\/p><\/blockquote><\/div>\n\t\t\t\t<\/div>\n\t\t\t\t<\/div>\n\t\t\t\t\t\t<\/div>\n\t\t\t\t\t<\/div>\n\t\t<\/div>\n\t\t\t\t\t\t\t\t<\/div>\n\t\t\t\t\t<\/div>\n\t\t<\/section>\n\t\t\t\t\t\t<\/div>\n\t\t\t\t\t<\/div>\n\t\t<\/div>\n\t\t\t\t\t\t\t\t<\/div>\n\t\t\t\t\t<\/div>\n\t\t<\/section>\n\t\t\t\t\t\t<\/div>\n\t\t\t\t\t\t<\/div>\n\t\t\t\t\t<\/div>\n\t\t","protected":false},"excerpt":{"rendered":"<p>Ubezpieczenia plac\u00f3wek o\u015bwiatowych Ochrona ubezpieczeniowa obejmuje odpowiedzialno\u015b\u0107 cywiln\u0105 Ubezpieczaj\u0105cego, w zwi\u0105zku z wykonywaniem zada\u0144 dydaktycznych, wychowawczych, opieku\u0144czych i pomocniczych zwi\u0105zanych z procesem nauczania i wychowania 100 Zadania dydaktyczne 100 Zadania wychowawcze 100 Zadania zwi\u0105zanie z procesem nauczania i wychowania &#8222;Dobra szko\u0142a nie produkuje geniuszy, tylko zdrowe spo\u0142ecze\u0144stwo.&#8221; ~ Piotr Szreniewski<\/p>\n","protected":false},"author":1,"featured_media":0,"parent":868,"menu_order":0,"comment_status":"closed","ping_status":"closed","template":"","meta":[],"_links":{"self":[{"href":"https:\/\/legionowoubezpieczenia.pl\/index.php\/wp-json\/wp\/v2\/pages\/1002"}],"collection":[{"href":"https:\/\/legionowoubezpieczenia.pl\/index.php\/wp-json\/wp\/v2\/pages"}],"about":[{"href":"https:\/\/legionowoubezpieczenia.pl\/index.php\/wp-json\/wp\/v2\/types\/page"}],"author":[{"embeddable":true,"href":"https:\/\/legionowoubezpieczenia.pl\/index.php\/wp-json\/wp\/v2\/users\/1"}],"replies":[{"embeddable":true,"href":"https:\/\/legionowoubezpieczenia.pl\/index.php\/wp-json\/wp\/v2\/comments?post=1002"}],"version-history":[{"count":20,"href":"https:\/\/legionowoubezpieczenia.pl\/index.php\/wp-json\/wp\/v2\/pages\/1002\/revisions"}],"predecessor-version":[{"id":3457,"href":"https:\/\/legionowoubezpieczenia.pl\/index.php\/wp-json\/wp\/v2\/pages\/1002\/revisions\/3457"}],"up":[{"embeddable":true,"href":"https:\/\/legionowoubezpieczenia.pl\/index.php\/wp-json\/wp\/v2\/pages\/868"}],"wp:attachment":[{"href":"https:\/\/legionowoubezpieczenia.pl\/index.php\/wp-json\/wp\/v2\/media?parent=1002"}],"curies":[{"name":"wp","href":"https:\/\/api.w.org\/{rel}","templated":true}]}}